{"id":427,"date":"2022-03-25T15:19:58","date_gmt":"2022-03-25T14:19:58","guid":{"rendered":"http:\/\/relaunch2022.schwieger-architekten.de\/?page_id=427"},"modified":"2023-05-30T12:26:57","modified_gmt":"2023-05-30T10:26:57","slug":"auszeichnungen-und-wettbewerbe","status":"publish","type":"page","link":"https:\/\/www.schwieger-architekten.de\/de\/ueber-uns\/auszeichnungen-und-wettbewerbe\/","title":{"rendered":"Auszeichnungen und Wettbewerbe"},"content":{"rendered":"<div id='av-layout-grid-1'  class='av-layout-grid-container av-1abwb7-a9cc83fee2e02976ff3162217317af00 entry-content-wrapper main_color av-flex-cells  avia-builder-el-0  avia-builder-el-no-sibling   container_wrap fullsize'  >\n\n<style type=\"text\/css\" data-created_by=\"avia_inline_auto\" id=\"style-css-av-13ckgz-9e5d584145f992ece807cdd22b3fbdc9\">\n.flex_cell.av-13ckgz-9e5d584145f992ece807cdd22b3fbdc9{\nvertical-align:top;\n}\n.responsive #top #wrap_all .flex_cell.av-13ckgz-9e5d584145f992ece807cdd22b3fbdc9{\npadding:0px 20px 0px 0px !important;\n}\n<\/style>\n<div class='flex_cell av-13ckgz-9e5d584145f992ece807cdd22b3fbdc9 av-gridrow-cell av_two_fifth no_margin  avia-builder-el-1  el_before_av_cell_three_fifth  avia-builder-el-first  content-align-top'  ><div class='flex_cell_inner'>\n<style type=\"text\/css\" data-created_by=\"avia_inline_auto\" id=\"style-css-av-wclhf-b3135934cbb936c2539dbb2eccc3703b\">\n.avia-image-container.av-wclhf-b3135934cbb936c2539dbb2eccc3703b img.avia_image{\nbox-shadow:none;\n}\n.avia-image-container.av-wclhf-b3135934cbb936c2539dbb2eccc3703b .av-image-caption-overlay-center{\ncolor:#ffffff;\n}\n<\/style>\n<div  class='avia-image-container av-wclhf-b3135934cbb936c2539dbb2eccc3703b av-styling-no-styling avia-align-left  avia-builder-el-2  avia-builder-el-no-sibling '   itemprop=\"image\" itemscope=\"itemscope\" itemtype=\"https:\/\/schema.org\/ImageObject\" ><div class=\"avia-image-container-inner\"><div class=\"avia-image-overlay-wrap\"><img decoding=\"async\" fetchpriority=\"high\" class='wp-image-436 avia-img-lazy-loading-not-436 avia_image ' src=\"https:\/\/www.schwieger-architekten.de\/wp-content\/uploads\/2022\/03\/Hansjochen-Schwieger.jpg\" alt='Architekt Hansjochen Schwieger G\u00f6ttingen' title='Architekt Hansjochen Schwieger G\u00f6ttingen'  height=\"445\" width=\"395\"  itemprop=\"thumbnailUrl\" srcset=\"https:\/\/www.schwieger-architekten.de\/wp-content\/uploads\/2022\/03\/Hansjochen-Schwieger.jpg 395w, https:\/\/www.schwieger-architekten.de\/wp-content\/uploads\/2022\/03\/Hansjochen-Schwieger-355x400.jpg 355w\" sizes=\"(max-width: 395px) 100vw, 395px\" \/><\/div><\/div><\/div>\n<\/div><\/div>\n<style type=\"text\/css\" data-created_by=\"avia_inline_auto\" id=\"style-css-av-2th3v-95c4ed62345c1bc38adf8167e8550a89\">\n.flex_cell.av-2th3v-95c4ed62345c1bc38adf8167e8550a89{\nvertical-align:top;\n}\n.responsive #top #wrap_all .flex_cell.av-2th3v-95c4ed62345c1bc38adf8167e8550a89{\npadding:30px 30px 30px 30px !important;\n}\n<\/style>\n<div class='flex_cell av-2th3v-95c4ed62345c1bc38adf8167e8550a89 av-gridrow-cell av_three_fifth no_margin  avia-builder-el-3  el_after_av_cell_two_fifth  avia-builder-el-last  content-align-top'  ><div class='flex_cell_inner'><p>\n<style type=\"text\/css\" data-created_by=\"avia_inline_auto\" id=\"style-css-av-l3o8u4uw-78c8f4b4ac38526d3d6225b9dd75c0d0\">\n#top .av-special-heading.av-l3o8u4uw-78c8f4b4ac38526d3d6225b9dd75c0d0{\npadding-bottom:10px;\n}\nbody .av-special-heading.av-l3o8u4uw-78c8f4b4ac38526d3d6225b9dd75c0d0 .av-special-heading-tag .heading-char{\nfont-size:25px;\n}\n.av-special-heading.av-l3o8u4uw-78c8f4b4ac38526d3d6225b9dd75c0d0 .av-subheading{\nfont-size:15px;\n}\n<\/style>\n<div  id=\"ProjectHeader\"  class='av-special-heading av-l3o8u4uw-78c8f4b4ac38526d3d6225b9dd75c0d0 av-special-heading-h1 blockquote modern-quote  avia-builder-el-4  el_before_av_hr  avia-builder-el-first '><h1 class='av-special-heading-tag '  itemprop=\"headline\"  >Auszeichnungen und Wettbewerbe<\/h1><div class=\"special-heading-border\"><div class=\"special-heading-inner-border\"><\/div><\/div><\/div><br \/>\n\n<style type=\"text\/css\" data-created_by=\"avia_inline_auto\" id=\"style-css-av-drnoz-b6917b533e7f14a2ee5f2fe407861267\">\n#top .hr.hr-invisible.av-drnoz-b6917b533e7f14a2ee5f2fe407861267{\nheight:20px;\n}\n<\/style>\n<div  class='hr av-drnoz-b6917b533e7f14a2ee5f2fe407861267 hr-invisible  avia-builder-el-5  el_after_av_heading  el_before_av_one_full '><span class='hr-inner '><span class=\"hr-inner-style\"><\/span><\/span><\/div><br \/>\n<div  class='flex_column av-a0mkz-aef03417b81beb08f9c0ad1f26c3ebe5 av_one_full  avia-builder-el-6  el_after_av_hr  avia-builder-el-last  first flex_column_div  '     ><p><section  class='av_textblock_section av-l16l7ioe-79afe50ab60e05009bd5a037cc5e1fc8 '   itemscope=\"itemscope\" itemtype=\"https:\/\/schema.org\/CreativeWork\" ><div class='avia_textblock'  itemprop=\"text\" ><p>2019<\/p>\n<ul>\n<li>Mehrfachbeauftragung Volksheimst\u00e4tte B\u00fcro-Wohnen<\/li>\n<\/ul>\n<p>2018<\/p>\n<ul>\n<li>Mehrfachbeauftragung Heimatliebe-Brauerei Duderstadt<\/li>\n<\/ul>\n<p>2017<\/p>\n<ul>\n<li>Wettbewerb Archiv der Avantgarden im Blockhaus Dresden, Land Niedersachsen (2. Stufe)<\/li>\n<li>Wettbewerb Justizvollzugsanstalt Rottweil Esch, Land Baden-W\u00fcrttemberg (2. Stufe)<\/li>\n<li>Mehrfachbeauftragung Sporthalle Paul-Gerhardt-Schule Dassel<\/li>\n<\/ul>\n<p>2016<\/p>\n<ul>\n<li>Wettbewerb Feuerwehrtechnisches Zentrum Nordhausen<\/li>\n<li>Wettbewerb Verwaltungsgeb\u00e4ude Landkreis G\u00f6ttingen<\/li>\n<li>Wettbewerb Studentenwohnheim Lutterterrassen<\/li>\n<li>Wettbewerb Sporthalle Gro\u00df Schneen<\/li>\n<\/ul>\n<p>2015<\/p>\n<ul>\n<li>Wettbewerb Haus 6 Diakonie Christophorus G\u00f6ttingen 3. Preis<\/li>\n<li>Wettbewerb Wiedererrichtung eines Vierungsdachreiters auf der Klosterkirche Amelungsborn Ankauf<\/li>\n<\/ul>\n<p>2011<\/p>\n<ul>\n<li>VOF Verfahren Neubau einer Klinikk\u00fcche unter Ber\u00fccksichtigung der Einordnung zwischen denkmalgesch\u00fctzten Objekten und der direkten Anbindung an ein bestehendes denkmalgesch\u00fctztes Geb\u00e4ude eines Klinikgeb\u00e4udes \u00d6HK gGmbH, M\u00fchlhausen 1. Rang<\/li>\n<\/ul>\n<p>2010<\/p>\n<ul>\n<li>VOF Verfahren mit Architektenwettbewerb Lern- und Studienzentrum, Universit\u00e4t G\u00f6ttingen 2. Rang<\/li>\n<li>VOF Verfahren mit Architektenwettbewerb Ma\u00dfregelvollzug G\u00f6ttingen, Land Niedersachsen 1. Preis<\/li>\n<\/ul>\n<p>2009<\/p>\n<ul>\n<li>Wettbewerb Deutsches Primatenzentrum G\u00f6ttingen, Neugestaltung Foyer 1. Preis<\/li>\n<li>Wettbewerb Otto Bock Healthcare GmbH, Otto Bock Bewegungswelten 4. Preis<\/li>\n<\/ul>\n<p>2007<\/p>\n<ul>\n<li>Realisierungswettbewerb Kulturwissenschaftliches Zentrum, G\u00f6ttingen<\/li>\n<li>Gutachterverfahren Gewerbe- und Logistikzentrum G\u00f6ttingen-Siekanger,Gesellschaft f\u00fcr Wirtschaftsf\u00f6rderung<\/li>\n<li>Gutachterverfahren Windausweg G\u00f6ttinger Wohnungsgesellschaften<\/li>\n<li>Wettbewerb Rathaus Hildesheim, Stadt Hildesheim<\/li>\n<\/ul>\n<p>2006<\/p>\n<ul>\n<li>Realisierungswettbewerb Autobahnkirche Deiderode<\/li>\n<\/ul>\n<p>2005<\/p>\n<ul>\n<li>Wettbewerb Bundesforschungsanstalt f\u00fcr Landwirtschaft, Braunschweig<\/li>\n<\/ul>\n<p>2004<\/p>\n<ul>\n<li>Wettbewerb Freibad Naumburg mit B\u00fcro Birkigt -Quentin 4. Preis<\/li>\n<\/ul>\n<p>2003<\/p>\n<ul>\n<li>Realisierungswettbewerb Max-Planck-Institut f\u00fcr Str\u00f6mungsforschung G\u00f6ttingen, Max-Planck-Gesellschaft 1. Preis<\/li>\n<\/ul>\n<p>2002<\/p>\n<ul>\n<li>Realisierungswettbewerb Nachbarschaftszentrum Grone, Stadt G\u00f6ttingen 1. Preis<\/li>\n<li>Realisierungswettbewerb Sparkasse Burgenlandkreis Naumburg 2. Preis<\/li>\n<\/ul>\n<p>2000<\/p>\n<ul>\n<li>Grundschule K\u00f6nigswinter-Oberpleis 3. Preis (ohne Vergabe des 2. Preises)<\/li>\n<\/ul>\n<p>1999<\/p>\n<ul>\n<li>St\u00e4dtebaulicher Ideenwettbewerb, S\u00fcdliche Kernstadt Northeim 4. Preis<\/li>\n<li>Landschaftsplanerischer Ideenwettbewerb F\u00fcr das Expo-Projekt Aquapark Pyrmont 2. Preis<\/li>\n<\/ul>\n<p>1997<\/p>\n<ul>\n<li>Realisierungswettbewerb Sparkasse Herzberg 1. Preis<\/li>\n<li>Investorenwettbewerb Reinholdstift G\u00f6ttingen, Stadt G\u00f6ttingen 1. Preis<\/li>\n<\/ul>\n<\/div><\/section><br \/>\n\n<style type=\"text\/css\" data-created_by=\"avia_inline_auto\" id=\"style-css-av-97ckj-777eb921faf4058830d382d43f3508fb\">\n#top .hr.hr-invisible.av-97ckj-777eb921faf4058830d382d43f3508fb{\nheight:20px;\n}\n<\/style>\n<div  class='hr av-97ckj-777eb921faf4058830d382d43f3508fb hr-invisible  avia-builder-el-8  el_after_av_textblock  el_before_av_heading '><span class='hr-inner '><span class=\"hr-inner-style\"><\/span><\/span><\/div><br \/>\n\n<style type=\"text\/css\" data-created_by=\"avia_inline_auto\" id=\"style-css-av-cjw2r-e8e6bfddd908d4a9f416beed940858dc\">\n#top .av-special-heading.av-cjw2r-e8e6bfddd908d4a9f416beed940858dc{\npadding-bottom:10px;\ncolor:#ffffff;\nfont-size:20px;\n}\nbody .av-special-heading.av-cjw2r-e8e6bfddd908d4a9f416beed940858dc .av-special-heading-tag .heading-char{\nfont-size:25px;\n}\n#top #wrap_all .av-special-heading.av-cjw2r-e8e6bfddd908d4a9f416beed940858dc .av-special-heading-tag{\nfont-size:20px;\n}\n.av-special-heading.av-cjw2r-e8e6bfddd908d4a9f416beed940858dc .special-heading-inner-border{\nborder-color:#ffffff;\n}\n.av-special-heading.av-cjw2r-e8e6bfddd908d4a9f416beed940858dc .av-subheading{\nfont-size:15px;\n}\n\n@media only screen and (min-width: 480px) and (max-width: 767px){ \n#top #wrap_all .av-special-heading.av-cjw2r-e8e6bfddd908d4a9f416beed940858dc .av-special-heading-tag{\nfont-size:0.8em;\n}\n}\n\n@media only screen and (max-width: 479px){ \n#top #wrap_all .av-special-heading.av-cjw2r-e8e6bfddd908d4a9f416beed940858dc .av-special-heading-tag{\nfont-size:0.8em;\n}\n}\n<\/style>\n<div  id=\"ProjectHeader\"  class='av-special-heading av-cjw2r-e8e6bfddd908d4a9f416beed940858dc av-special-heading-h1 custom-color-heading blockquote modern-quote  avia-builder-el-9  el_after_av_hr  el_before_av_hr  av-inherit-size'><h1 class='av-special-heading-tag '  itemprop=\"headline\"  >Auszeichnungen<\/h1><div class=\"special-heading-border\"><div class=\"special-heading-inner-border\"><\/div><\/div><\/div><br \/>\n\n<style type=\"text\/css\" data-created_by=\"avia_inline_auto\" id=\"style-css-av-bezur-3b45cc2848892937697a1ffd60e72204\">\n#top .hr.hr-invisible.av-bezur-3b45cc2848892937697a1ffd60e72204{\nheight:20px;\n}\n<\/style>\n<div  class='hr av-bezur-3b45cc2848892937697a1ffd60e72204 hr-invisible  avia-builder-el-10  el_after_av_heading  el_before_av_textblock '><span class='hr-inner '><span class=\"hr-inner-style\"><\/span><\/span><\/div><br \/>\n<section  class='av_textblock_section av-l16m2950-3e851748a719d9e5e9dfdea5e21befc6 '   itemscope=\"itemscope\" itemtype=\"https:\/\/schema.org\/CreativeWork\" ><div class='avia_textblock'  itemprop=\"text\" ><p>2013<\/p>\n<ul>\n<li>&#8222;Silberner Kaufmannsl\u00f6ffel&#8220; der Kaufmannsgilde G\u00f6ttingen (seit 1340)<\/li>\n<\/ul>\n<p>2007<\/p>\n<ul>\n<li>&#8222;Deutschland: Land der Ideen&#8220;<br \/>\nDie Experimentierhalle des Max-Planck-Institutes f\u00fcr Dynamik und Selbstorganisation ist einer der 365 Orte im Land der Ideen<\/li>\n<\/ul>\n<p>2000<\/p>\n<ul>\n<li>Bundeswettbewerb \u201eNeues Leben in Alten Geb\u00e4uden\u201c<\/li>\n<\/ul>\n<p>1997\/99<\/p>\n<ul>\n<li>Stadt G\u00f6ttingen (5 Fassadenpreise)<\/li>\n<\/ul>\n<p>1996<\/p>\n<ul>\n<li>Allrussischer Architektenwettbewerb Moskau, Kirchen- und Kulturzentrum Omsk, GUS (3. Preis)<\/li>\n<\/ul>\n<p>1994<\/p>\n<ul>\n<li>BDA-Preis Ausstellung<br \/>\nReitemeier Rosdorf und Gemeindezentrum Bovenden<\/li>\n<\/ul>\n<p>1985<\/p>\n<ul>\n<li>Adams am Wall G\u00f6ttingen BDA-Preis Niedersachsen<\/li>\n<\/ul>\n<p>1980<\/p>\n<ul>\n<li>Messingdreherei T\u00e4fler Dransfeld (mit Jochen Brandi) BDA-Preis Niedersachsen<\/li>\n<\/ul>\n<p>1978<\/p>\n<ul>\n<li>Wettbewerb Industrie im St\u00e4dtebau Messingdreherei T\u00e4fler Dransfeld<br \/>\nGoldmedaille d. Bundesministeriums f\u00fcr Raumordnung, Bauwesen und St\u00e4dtebau<\/li>\n<\/ul>\n<\/div><\/section><\/p><\/div><\/p>\n<\/div><\/div><\/div>\n","protected":false},"excerpt":{"rendered":"","protected":false},"author":1,"featured_media":0,"parent":13,"menu_order":0,"comment_status":"closed","ping_status":"closed","template":"","meta":{"footnotes":""},"class_list":["post-427","page","type-page","status-publish","hentry"],"yoast_head":"<!-- This site is optimized with the Yoast SEO plugin v27.0 - https:\/\/yoast.com\/product\/yoast-seo-wordpress\/ -->\n<title>Auszeichnungen | Schwieger Architekten G\u00f6ttingen<\/title>\n<meta name=\"description\" content=\"Schwieger Architekten G\u00f6ttingen sind Preistr\u00e4ger renommierter Architekturwettbewerbe, mit Auszeichnungen f\u00fcr Gestaltung und nachhaltige Konzepte.\" \/>\n<meta name=\"robots\" content=\"index, follow, max-snippet:-1, max-image-preview:large, max-video-preview:-1\" \/>\n<link rel=\"canonical\" href=\"https:\/\/www.schwieger-architekten.de\/de\/ueber-uns\/auszeichnungen-und-wettbewerbe\/\" \/>\n<meta property=\"og:locale\" content=\"de_DE\" \/>\n<meta property=\"og:type\" content=\"article\" \/>\n<meta property=\"og:title\" content=\"Auszeichnungen | Schwieger Architekten G\u00f6ttingen\" \/>\n<meta property=\"og:description\" content=\"Schwieger Architekten G\u00f6ttingen sind Preistr\u00e4ger renommierter Architekturwettbewerbe, mit Auszeichnungen f\u00fcr Gestaltung und nachhaltige Konzepte.\" \/>\n<meta property=\"og:url\" content=\"https:\/\/www.schwieger-architekten.de\/de\/ueber-uns\/auszeichnungen-und-wettbewerbe\/\" \/>\n<meta property=\"og:site_name\" content=\"Schwieger Architekten\" \/>\n<meta property=\"article:modified_time\" content=\"2023-05-30T10:26:57+00:00\" \/>\n<meta name=\"twitter:card\" content=\"summary_large_image\" \/>\n<meta name=\"twitter:label1\" content=\"Gesch\u00e4tzte Lesezeit\" \/>\n\t<meta name=\"twitter:data1\" content=\"4\u00a0Minuten\" \/>\n<script type=\"application\/ld+json\" class=\"yoast-schema-graph\">{\"@context\":\"https:\/\/schema.org\",\"@graph\":[{\"@type\":\"WebPage\",\"@id\":\"https:\/\/www.schwieger-architekten.de\/de\/ueber-uns\/auszeichnungen-und-wettbewerbe\/\",\"url\":\"https:\/\/www.schwieger-architekten.de\/de\/ueber-uns\/auszeichnungen-und-wettbewerbe\/\",\"name\":\"Auszeichnungen | Schwieger Architekten G\u00f6ttingen\",\"isPartOf\":{\"@id\":\"https:\/\/www.schwieger-architekten.de\/de\/#website\"},\"datePublished\":\"2022-03-25T14:19:58+00:00\",\"dateModified\":\"2023-05-30T10:26:57+00:00\",\"description\":\"Schwieger Architekten G\u00f6ttingen sind Preistr\u00e4ger renommierter Architekturwettbewerbe, mit Auszeichnungen f\u00fcr Gestaltung und nachhaltige Konzepte.\",\"breadcrumb\":{\"@id\":\"https:\/\/www.schwieger-architekten.de\/de\/ueber-uns\/auszeichnungen-und-wettbewerbe\/#breadcrumb\"},\"inLanguage\":\"de\",\"potentialAction\":[{\"@type\":\"ReadAction\",\"target\":[\"https:\/\/www.schwieger-architekten.de\/de\/ueber-uns\/auszeichnungen-und-wettbewerbe\/\"]}]},{\"@type\":\"BreadcrumbList\",\"@id\":\"https:\/\/www.schwieger-architekten.de\/de\/ueber-uns\/auszeichnungen-und-wettbewerbe\/#breadcrumb\",\"itemListElement\":[{\"@type\":\"ListItem\",\"position\":1,\"name\":\"Startseite\",\"item\":\"https:\/\/www.schwieger-architekten.de\/de\/\"},{\"@type\":\"ListItem\",\"position\":2,\"name\":\"\u00dcber uns\",\"item\":\"https:\/\/www.schwieger-architekten.de\/de\/ueber-uns\/\"},{\"@type\":\"ListItem\",\"position\":3,\"name\":\"Auszeichnungen und Wettbewerbe\"}]},{\"@type\":\"WebSite\",\"@id\":\"https:\/\/www.schwieger-architekten.de\/de\/#website\",\"url\":\"https:\/\/www.schwieger-architekten.de\/de\/\",\"name\":\"Schwieger Architekten\",\"description\":\"Schwieger Architekten G\u00f6ttingen\",\"potentialAction\":[{\"@type\":\"SearchAction\",\"target\":{\"@type\":\"EntryPoint\",\"urlTemplate\":\"https:\/\/www.schwieger-architekten.de\/de\/?s={search_term_string}\"},\"query-input\":{\"@type\":\"PropertyValueSpecification\",\"valueRequired\":true,\"valueName\":\"search_term_string\"}}],\"inLanguage\":\"de\"}]}<\/script>\n<!-- \/ Yoast SEO plugin. -->","yoast_head_json":{"title":"Auszeichnungen | Schwieger Architekten G\u00f6ttingen","description":"Schwieger Architekten G\u00f6ttingen sind Preistr\u00e4ger renommierter Architekturwettbewerbe, mit Auszeichnungen f\u00fcr Gestaltung und nachhaltige Konzepte.","robots":{"index":"index","follow":"follow","max-snippet":"max-snippet:-1","max-image-preview":"max-image-preview:large","max-video-preview":"max-video-preview:-1"},"canonical":"https:\/\/www.schwieger-architekten.de\/de\/ueber-uns\/auszeichnungen-und-wettbewerbe\/","og_locale":"de_DE","og_type":"article","og_title":"Auszeichnungen | Schwieger Architekten G\u00f6ttingen","og_description":"Schwieger Architekten G\u00f6ttingen sind Preistr\u00e4ger renommierter Architekturwettbewerbe, mit Auszeichnungen f\u00fcr Gestaltung und nachhaltige Konzepte.","og_url":"https:\/\/www.schwieger-architekten.de\/de\/ueber-uns\/auszeichnungen-und-wettbewerbe\/","og_site_name":"Schwieger Architekten","article_modified_time":"2023-05-30T10:26:57+00:00","twitter_card":"summary_large_image","twitter_misc":{"Gesch\u00e4tzte Lesezeit":"4\u00a0Minuten"},"schema":{"@context":"https:\/\/schema.org","@graph":[{"@type":"WebPage","@id":"https:\/\/www.schwieger-architekten.de\/de\/ueber-uns\/auszeichnungen-und-wettbewerbe\/","url":"https:\/\/www.schwieger-architekten.de\/de\/ueber-uns\/auszeichnungen-und-wettbewerbe\/","name":"Auszeichnungen | Schwieger Architekten G\u00f6ttingen","isPartOf":{"@id":"https:\/\/www.schwieger-architekten.de\/de\/#website"},"datePublished":"2022-03-25T14:19:58+00:00","dateModified":"2023-05-30T10:26:57+00:00","description":"Schwieger Architekten G\u00f6ttingen sind Preistr\u00e4ger renommierter Architekturwettbewerbe, mit Auszeichnungen f\u00fcr Gestaltung und nachhaltige Konzepte.","breadcrumb":{"@id":"https:\/\/www.schwieger-architekten.de\/de\/ueber-uns\/auszeichnungen-und-wettbewerbe\/#breadcrumb"},"inLanguage":"de","potentialAction":[{"@type":"ReadAction","target":["https:\/\/www.schwieger-architekten.de\/de\/ueber-uns\/auszeichnungen-und-wettbewerbe\/"]}]},{"@type":"BreadcrumbList","@id":"https:\/\/www.schwieger-architekten.de\/de\/ueber-uns\/auszeichnungen-und-wettbewerbe\/#breadcrumb","itemListElement":[{"@type":"ListItem","position":1,"name":"Startseite","item":"https:\/\/www.schwieger-architekten.de\/de\/"},{"@type":"ListItem","position":2,"name":"\u00dcber uns","item":"https:\/\/www.schwieger-architekten.de\/de\/ueber-uns\/"},{"@type":"ListItem","position":3,"name":"Auszeichnungen und Wettbewerbe"}]},{"@type":"WebSite","@id":"https:\/\/www.schwieger-architekten.de\/de\/#website","url":"https:\/\/www.schwieger-architekten.de\/de\/","name":"Schwieger Architekten","description":"Schwieger Architekten G\u00f6ttingen","potentialAction":[{"@type":"SearchAction","target":{"@type":"EntryPoint","urlTemplate":"https:\/\/www.schwieger-architekten.de\/de\/?s={search_term_string}"},"query-input":{"@type":"PropertyValueSpecification","valueRequired":true,"valueName":"search_term_string"}}],"inLanguage":"de"}]}},"_links":{"self":[{"href":"https:\/\/www.schwieger-architekten.de\/de\/wp-json\/wp\/v2\/pages\/427","targetHints":{"allow":["GET"]}}],"collection":[{"href":"https:\/\/www.schwieger-architekten.de\/de\/wp-json\/wp\/v2\/pages"}],"about":[{"href":"https:\/\/www.schwieger-architekten.de\/de\/wp-json\/wp\/v2\/types\/page"}],"author":[{"embeddable":true,"href":"https:\/\/www.schwieger-architekten.de\/de\/wp-json\/wp\/v2\/users\/1"}],"replies":[{"embeddable":true,"href":"https:\/\/www.schwieger-architekten.de\/de\/wp-json\/wp\/v2\/comments?post=427"}],"version-history":[{"count":19,"href":"https:\/\/www.schwieger-architekten.de\/de\/wp-json\/wp\/v2\/pages\/427\/revisions"}],"predecessor-version":[{"id":2424,"href":"https:\/\/www.schwieger-architekten.de\/de\/wp-json\/wp\/v2\/pages\/427\/revisions\/2424"}],"up":[{"embeddable":true,"href":"https:\/\/www.schwieger-architekten.de\/de\/wp-json\/wp\/v2\/pages\/13"}],"wp:attachment":[{"href":"https:\/\/www.schwieger-architekten.de\/de\/wp-json\/wp\/v2\/media?parent=427"}],"curies":[{"name":"wp","href":"https:\/\/api.w.org\/{rel}","templated":true}]}}