{"id":500,"date":"2022-03-25T20:35:28","date_gmt":"2022-03-25T19:35:28","guid":{"rendered":"http:\/\/relaunch2022.schwieger-architekten.de\/?page_id=500"},"modified":"2023-05-26T12:38:56","modified_gmt":"2023-05-26T10:38:56","slug":"oeffentliche-bauten","status":"publish","type":"page","link":"https:\/\/www.schwieger-architekten.de\/de\/projekte\/oeffentliche-bauten\/","title":{"rendered":"Bauten f\u00fcr Gemeinschaft, \u00f6ffentliche Bauten"},"content":{"rendered":"<div  id=\"ProjectHeaderContainer\"  class='flex_column av-av_one_full-a7504114ef84704e31d457a985c3b100 av_one_full  avia-builder-el-0  el_before_av_one_full  avia-builder-el-first  first flex_column_div  '     ><style type=\"text\/css\" data-created_by=\"avia_inline_auto\" id=\"style-css-av-l3snva7s-857d5aef0d59f3040bcef45ba335d38d\">\n#top .av-special-heading.av-l3snva7s-857d5aef0d59f3040bcef45ba335d38d{\npadding-bottom:10px;\n}\nbody .av-special-heading.av-l3snva7s-857d5aef0d59f3040bcef45ba335d38d .av-special-heading-tag .heading-char{\nfont-size:25px;\n}\n.av-special-heading.av-l3snva7s-857d5aef0d59f3040bcef45ba335d38d .av-subheading{\nfont-size:15px;\n}\n<\/style>\n<div  id=\"ProjectHeader\"  class='av-special-heading av-l3snva7s-857d5aef0d59f3040bcef45ba335d38d av-special-heading-h1 blockquote modern-quote  avia-builder-el-1  avia-builder-el-no-sibling '><h1 class='av-special-heading-tag '  itemprop=\"headline\"  >Bauten f\u00fcr Gemeinschaft, \u00f6ffentliche Bauten<\/h1><div class=\"special-heading-border\"><div class=\"special-heading-inner-border\"><\/div><\/div><\/div><\/div>\n<style type=\"text\/css\" data-created_by=\"avia_inline_auto\" id=\"style-css-av-f8wf0-8cc48d7b813c79bc018e85ceba23ca46\">\n#top .flex_column.av-f8wf0-8cc48d7b813c79bc018e85ceba23ca46{\nmargin-top:0px;\nmargin-bottom:0px;\n}\n.responsive #top #wrap_all .flex_column.av-f8wf0-8cc48d7b813c79bc018e85ceba23ca46{\nmargin-top:0px;\nmargin-bottom:0px;\n}\n<\/style>\n<div  class='flex_column av-f8wf0-8cc48d7b813c79bc018e85ceba23ca46 av_one_full  avia-builder-el-2  el_after_av_one_full  avia-builder-el-last  first flex_column_div  column-top-margin'     ><div  id=\"av-sc-portfolio-1\"  class=\"av-portfolio-grid-sorting-container\"><div class='sort_width_container  av-sort-yes' data-portfolio-id='1' ><div id='js_sort_items' ><div class='sort_by_cat hidden'><a href=\"#\" data-filter=\"all_sort\" class=\"all_sort_button active_sort\"><span class=\"inner_sort_button\"><span>Alle<\/span><small class=\"av-cat-count\"> 7 <\/small><\/span><\/a><span class=\"text-sep bauten-fuer-gemeinschaft-oeffentliche-bauten_sort_sep\">\/<\/span><a href=\"#\" data-filter=\"bauten-fuer-gemeinschaft-oeffentliche-bauten_sort\" class=\"bauten-fuer-gemeinschaft-oeffentliche-bauten_sort_button\" ><span class=\"inner_sort_button\"><span>Bauten f\u00fcr Gemeinschaft, \u00f6ffentliche Bauten<\/span><small class=\"av-cat-count\"> 7 <\/small><\/span><\/a><\/div><\/div><\/div><div  class=' grid-sort-container isotope   no_margin-container with-excerpt-container grid-total-odd grid-col-3 grid-links-' data-portfolio-id='1'><div data-ajax-id='164' class=' grid-entry flex_column isotope-item all_sort no_margin post-entry post-entry-164 grid-entry-overview grid-loop-1 grid-parity-odd  bauten-fuer-gemeinschaft-oeffentliche-bauten_sort  av_one_third first default_av_fullwidth '><article class='main_color inner-entry'  itemscope=\"itemscope\" itemtype=\"https:\/\/schema.org\/CreativeWork\" ><a href=\"https:\/\/www.schwieger-architekten.de\/de\/projekt\/freigeist-ps-speicher-hotel-einbeck\/\" title='FREIgeist PS.SPEICHER Hotel Einbeck'  data-rel='grid-1' class='grid-image avia-hover-fx'> <img decoding=\"async\" fetchpriority=\"high\" width=\"400\" height=\"267\" src=\"https:\/\/www.schwieger-architekten.de\/wp-content\/uploads\/0569\/02\/freigeist-hotel-einbeck-400x267.jpg\" class=\"wp-image-912 avia-img-lazy-loading-not-912 attachment-medium size-medium wp-post-image\" alt=\"FREIgeist Hotel Einbeck | Schwieger Architekten G\u00f6ttingen\" srcset=\"https:\/\/www.schwieger-architekten.de\/wp-content\/uploads\/0569\/02\/freigeist-hotel-einbeck-400x267.jpg 400w, https:\/\/www.schwieger-architekten.de\/wp-content\/uploads\/0569\/02\/freigeist-hotel-einbeck-768x512.jpg 768w, https:\/\/www.schwieger-architekten.de\/wp-content\/uploads\/0569\/02\/freigeist-hotel-einbeck-120x80.jpg 120w, https:\/\/www.schwieger-architekten.de\/wp-content\/uploads\/0569\/02\/freigeist-hotel-einbeck-705x470.jpg 705w, https:\/\/www.schwieger-architekten.de\/wp-content\/uploads\/0569\/02\/freigeist-hotel-einbeck-225x150.jpg 225w, https:\/\/www.schwieger-architekten.de\/wp-content\/uploads\/0569\/02\/freigeist-hotel-einbeck-180x120.jpg 180w, https:\/\/www.schwieger-architekten.de\/wp-content\/uploads\/0569\/02\/freigeist-hotel-einbeck.jpg 900w\" sizes=\"(max-width: 400px) 100vw, 400px\" \/><\/a><div class='grid-content'><div class='avia-arrow'><\/div><header class=\"entry-content-header\" aria-label=\"Portfolio: FREIgeist PS.SPEICHER Hotel Einbeck\"><h3 class='grid-entry-title entry-title '  itemprop=\"headline\" ><a href='https:\/\/www.schwieger-architekten.de\/de\/projekt\/freigeist-ps-speicher-hotel-einbeck\/' title='FREIgeist PS.SPEICHER Hotel Einbeck'>FREIgeist PS.SPEICHER Hotel Einbeck<\/a><\/h3><\/header><div class='grid-entry-excerpt entry-content'  itemprop=\"text\" >Tiedexer Tor 5, Einbeck\r\n Karl-Heinz Rehkopf<\/div><\/div><footer class=\"entry-footer\"><\/footer><\/article><\/div><div data-ajax-id='162' class=' grid-entry flex_column isotope-item all_sort no_margin post-entry post-entry-162 grid-entry-overview grid-loop-2 grid-parity-even  bauten-fuer-gemeinschaft-oeffentliche-bauten_sort  av_one_third  default_av_fullwidth '><article class='main_color inner-entry'  itemscope=\"itemscope\" itemtype=\"https:\/\/schema.org\/CreativeWork\" ><a href=\"https:\/\/www.schwieger-architekten.de\/de\/projekt\/ps-halle-einbeck\/\" title='PS.Halle Multifunktionshalle'  data-rel='grid-1' class='grid-image avia-hover-fx'> <img decoding=\"async\" fetchpriority=\"high\" width=\"400\" height=\"267\" src=\"https:\/\/www.schwieger-architekten.de\/wp-content\/uploads\/0570\/02\/ps-halle-einbeck-400x267.jpg\" class=\"wp-image-910 avia-img-lazy-loading-not-910 attachment-medium size-medium wp-post-image\" alt=\"PS Halle Einbeck | Schwieger Architekten G\u00f6ttingen\" srcset=\"https:\/\/www.schwieger-architekten.de\/wp-content\/uploads\/0570\/02\/ps-halle-einbeck-400x267.jpg 400w, https:\/\/www.schwieger-architekten.de\/wp-content\/uploads\/0570\/02\/ps-halle-einbeck-768x512.jpg 768w, https:\/\/www.schwieger-architekten.de\/wp-content\/uploads\/0570\/02\/ps-halle-einbeck-120x80.jpg 120w, https:\/\/www.schwieger-architekten.de\/wp-content\/uploads\/0570\/02\/ps-halle-einbeck-705x470.jpg 705w, https:\/\/www.schwieger-architekten.de\/wp-content\/uploads\/0570\/02\/ps-halle-einbeck-225x150.jpg 225w, https:\/\/www.schwieger-architekten.de\/wp-content\/uploads\/0570\/02\/ps-halle-einbeck-180x120.jpg 180w, https:\/\/www.schwieger-architekten.de\/wp-content\/uploads\/0570\/02\/ps-halle-einbeck.jpg 900w\" sizes=\"(max-width: 400px) 100vw, 400px\" \/><\/a><div class='grid-content'><div class='avia-arrow'><\/div><header class=\"entry-content-header\" aria-label=\"Portfolio: PS.Halle Multifunktionshalle\"><h3 class='grid-entry-title entry-title '  itemprop=\"headline\" ><a href='https:\/\/www.schwieger-architekten.de\/de\/projekt\/ps-halle-einbeck\/' title='PS.Halle Multifunktionshalle'>PS.Halle Multifunktionshalle<\/a><\/h3><\/header><div class='grid-entry-excerpt entry-content'  itemprop=\"text\" >Tiedexer Tor, Einbeck\r\nKulturstiftung Kornhaus <\/div><\/div><footer class=\"entry-footer\"><\/footer><\/article><\/div><div data-ajax-id='168' class=' grid-entry flex_column isotope-item all_sort no_margin post-entry post-entry-168 grid-entry-overview grid-loop-3 grid-parity-odd  bauen-im-bestand-sanierung-denkmalpflege_sort bauten-fuer-gemeinschaft-oeffentliche-bauten_sort  av_one_third  default_av_fullwidth '><article class='main_color inner-entry'  itemscope=\"itemscope\" itemtype=\"https:\/\/schema.org\/CreativeWork\" ><a href=\"https:\/\/www.schwieger-architekten.de\/de\/projekt\/allgemeine-staatslehre-kirchenrecht\/\" title='Umbau und Sanierung Allgemeine Staatslehre, Kirchenrecht an der Universit\u00e4t G\u00f6ttingen'  data-rel='grid-1' class='grid-image avia-hover-fx'> <img decoding=\"async\" fetchpriority=\"high\" width=\"400\" height=\"267\" src=\"https:\/\/www.schwieger-architekten.de\/wp-content\/uploads\/2022\/02\/allgemeine-staatslehre-kirchenrecht-400x267.jpg\" class=\"wp-image-321 avia-img-lazy-loading-not-321 attachment-medium size-medium wp-post-image\" alt=\"Allgemeine Staatslehre | Schwieger Architekten G\u00f6ttingen\" srcset=\"https:\/\/www.schwieger-architekten.de\/wp-content\/uploads\/2022\/02\/allgemeine-staatslehre-kirchenrecht-400x267.jpg 400w, https:\/\/www.schwieger-architekten.de\/wp-content\/uploads\/2022\/02\/allgemeine-staatslehre-kirchenrecht-768x512.jpg 768w, https:\/\/www.schwieger-architekten.de\/wp-content\/uploads\/2022\/02\/allgemeine-staatslehre-kirchenrecht-705x470.jpg 705w, https:\/\/www.schwieger-architekten.de\/wp-content\/uploads\/2022\/02\/allgemeine-staatslehre-kirchenrecht.jpg 900w\" sizes=\"(max-width: 400px) 100vw, 400px\" \/><\/a><div class='grid-content'><div class='avia-arrow'><\/div><header class=\"entry-content-header\" aria-label=\"Portfolio: Umbau und Sanierung Allgemeine Staatslehre, Kirchenrecht an der Universit\u00e4t G\u00f6ttingen\"><h3 class='grid-entry-title entry-title '  itemprop=\"headline\" ><a href='https:\/\/www.schwieger-architekten.de\/de\/projekt\/allgemeine-staatslehre-kirchenrecht\/' title='Umbau und Sanierung Allgemeine Staatslehre, Kirchenrecht an der Universit\u00e4t G\u00f6ttingen'>Umbau und Sanierung Allgemeine Staatslehre, Kirchenrecht an der Universit\u00e4t G\u00f6ttingen<\/a><\/h3><\/header><div class='grid-entry-excerpt entry-content'  itemprop=\"text\" >EKD - Evangelische Kirche in Deutschland<\/div><\/div><footer class=\"entry-footer\"><\/footer><\/article><\/div><div data-ajax-id='166' class=' grid-entry flex_column isotope-item all_sort no_margin post-entry post-entry-166 grid-entry-overview grid-loop-4 grid-parity-even  bauten-fuer-gemeinschaft-oeffentliche-bauten_sort  av_one_third first default_av_fullwidth '><article class='main_color inner-entry'  itemscope=\"itemscope\" itemtype=\"https:\/\/schema.org\/CreativeWork\" ><a href=\"https:\/\/www.schwieger-architekten.de\/de\/projekt\/erweiterung-mehrzweckhalle-grone\/\" title='Erweiterung Mehrzweckhalle Grone'  data-rel='grid-1' class='grid-image avia-hover-fx'> <img decoding=\"async\" fetchpriority=\"high\" width=\"400\" height=\"267\" src=\"https:\/\/www.schwieger-architekten.de\/wp-content\/uploads\/2022\/02\/mehrzweckhalle-grone-400x267.jpg\" class=\"wp-image-247 avia-img-lazy-loading-not-247 attachment-medium size-medium wp-post-image\" alt=\"Erweiterung Mehrzweckhalle Grone | Schwieger Architekten\" srcset=\"https:\/\/www.schwieger-architekten.de\/wp-content\/uploads\/2022\/02\/mehrzweckhalle-grone-400x267.jpg 400w, https:\/\/www.schwieger-architekten.de\/wp-content\/uploads\/2022\/02\/mehrzweckhalle-grone-768x512.jpg 768w, https:\/\/www.schwieger-architekten.de\/wp-content\/uploads\/2022\/02\/mehrzweckhalle-grone-705x470.jpg 705w, https:\/\/www.schwieger-architekten.de\/wp-content\/uploads\/2022\/02\/mehrzweckhalle-grone.jpg 900w\" sizes=\"(max-width: 400px) 100vw, 400px\" \/><\/a><div class='grid-content'><div class='avia-arrow'><\/div><header class=\"entry-content-header\" aria-label=\"Portfolio: Erweiterung Mehrzweckhalle Grone\"><h3 class='grid-entry-title entry-title '  itemprop=\"headline\" ><a href='https:\/\/www.schwieger-architekten.de\/de\/projekt\/erweiterung-mehrzweckhalle-grone\/' title='Erweiterung Mehrzweckhalle Grone'>Erweiterung Mehrzweckhalle Grone<\/a><\/h3><\/header><div class='grid-entry-excerpt entry-content'  itemprop=\"text\" >Stadt G\u00f6ttingen<\/div><\/div><footer class=\"entry-footer\"><\/footer><\/article><\/div><div data-ajax-id='170' class=' grid-entry flex_column isotope-item all_sort no_margin post-entry post-entry-170 grid-entry-overview grid-loop-5 grid-parity-odd  bauten-fuer-gemeinschaft-oeffentliche-bauten_sort  av_one_third  default_av_fullwidth '><article class='main_color inner-entry'  itemscope=\"itemscope\" itemtype=\"https:\/\/schema.org\/CreativeWork\" ><a href=\"https:\/\/www.schwieger-architekten.de\/de\/projekt\/nachbarschaftszentrum-grone\/\" title='Nachbarschaftszentrum Grone'  data-rel='grid-1' class='grid-image avia-hover-fx'> <img decoding=\"async\" fetchpriority=\"high\" width=\"400\" height=\"267\" src=\"https:\/\/www.schwieger-architekten.de\/wp-content\/uploads\/2002\/02\/nachbarschaftszentrum-grone-400x267.jpg\" class=\"wp-image-2794 avia-img-lazy-loading-not-2794 attachment-medium size-medium wp-post-image\" alt=\"1. Preis im Workshop und Realisierung des Neubau f\u00fcr das Nachbarschaftszentrum Grone durch Schwieger Architekten in G\u00f6ttingen.\" srcset=\"https:\/\/www.schwieger-architekten.de\/wp-content\/uploads\/2002\/02\/nachbarschaftszentrum-grone-400x267.jpg 400w, https:\/\/www.schwieger-architekten.de\/wp-content\/uploads\/2002\/02\/nachbarschaftszentrum-grone-768x512.jpg 768w, https:\/\/www.schwieger-architekten.de\/wp-content\/uploads\/2002\/02\/nachbarschaftszentrum-grone-120x80.jpg 120w, https:\/\/www.schwieger-architekten.de\/wp-content\/uploads\/2002\/02\/nachbarschaftszentrum-grone-705x470.jpg 705w, https:\/\/www.schwieger-architekten.de\/wp-content\/uploads\/2002\/02\/nachbarschaftszentrum-grone-225x150.jpg 225w, https:\/\/www.schwieger-architekten.de\/wp-content\/uploads\/2002\/02\/nachbarschaftszentrum-grone-180x120.jpg 180w, https:\/\/www.schwieger-architekten.de\/wp-content\/uploads\/2002\/02\/nachbarschaftszentrum-grone.jpg 900w\" sizes=\"(max-width: 400px) 100vw, 400px\" \/><\/a><div class='grid-content'><div class='avia-arrow'><\/div><header class=\"entry-content-header\" aria-label=\"Portfolio: Nachbarschaftszentrum Grone\"><h3 class='grid-entry-title entry-title '  itemprop=\"headline\" ><a href='https:\/\/www.schwieger-architekten.de\/de\/projekt\/nachbarschaftszentrum-grone\/' title='Nachbarschaftszentrum Grone'>Nachbarschaftszentrum Grone<\/a><\/h3><\/header><div class='grid-entry-excerpt entry-content'  itemprop=\"text\" >Workshop 1.Preis und Realisierung\r\nStadt G\u00f6ttingen<\/div><\/div><footer class=\"entry-footer\"><\/footer><\/article><\/div><div data-ajax-id='172' class=' grid-entry flex_column isotope-item all_sort no_margin post-entry post-entry-172 grid-entry-overview grid-loop-6 grid-parity-even  bildung-forschung-labor_sort bauten-fuer-gemeinschaft-oeffentliche-bauten_sort  av_one_third  default_av_fullwidth '><article class='main_color inner-entry'  itemscope=\"itemscope\" itemtype=\"https:\/\/schema.org\/CreativeWork\" ><a href=\"https:\/\/www.schwieger-architekten.de\/de\/projekt\/fachhochschule-hildesheim-holzminden\/\" title='Fachhochschule Hildesheim-Holzminden'  data-rel='grid-1' class='grid-image avia-hover-fx'> <img decoding=\"async\" fetchpriority=\"high\" width=\"400\" height=\"267\" src=\"https:\/\/www.schwieger-architekten.de\/wp-content\/uploads\/1992\/02\/fachhochschule-hildesheim-1-400x267.jpg\" class=\"wp-image-2741 avia-img-lazy-loading-not-2741 attachment-medium size-medium wp-post-image\" alt=\"Neubau eines B\u00fcrogeb\u00e4udes f\u00fcr den Fachbereich Forstwirtschaft in G\u00f6ttingen der Fachhochschule Hildesheim-Holzminden Schwieger Architekten.\" srcset=\"https:\/\/www.schwieger-architekten.de\/wp-content\/uploads\/1992\/02\/fachhochschule-hildesheim-1-400x267.jpg 400w, https:\/\/www.schwieger-architekten.de\/wp-content\/uploads\/1992\/02\/fachhochschule-hildesheim-1-768x512.jpg 768w, https:\/\/www.schwieger-architekten.de\/wp-content\/uploads\/1992\/02\/fachhochschule-hildesheim-1-120x80.jpg 120w, https:\/\/www.schwieger-architekten.de\/wp-content\/uploads\/1992\/02\/fachhochschule-hildesheim-1-705x470.jpg 705w, https:\/\/www.schwieger-architekten.de\/wp-content\/uploads\/1992\/02\/fachhochschule-hildesheim-1-225x150.jpg 225w, https:\/\/www.schwieger-architekten.de\/wp-content\/uploads\/1992\/02\/fachhochschule-hildesheim-1-180x120.jpg 180w, https:\/\/www.schwieger-architekten.de\/wp-content\/uploads\/1992\/02\/fachhochschule-hildesheim-1.jpg 900w\" sizes=\"(max-width: 400px) 100vw, 400px\" \/><\/a><div class='grid-content'><div class='avia-arrow'><\/div><header class=\"entry-content-header\" aria-label=\"Portfolio: Fachhochschule Hildesheim-Holzminden\"><h3 class='grid-entry-title entry-title '  itemprop=\"headline\" ><a href='https:\/\/www.schwieger-architekten.de\/de\/projekt\/fachhochschule-hildesheim-holzminden\/' title='Fachhochschule Hildesheim-Holzminden'>Fachhochschule Hildesheim-Holzminden<\/a><\/h3><\/header><div class='grid-entry-excerpt entry-content'  itemprop=\"text\" >Fachbereich Forstwirtschaft<\/br>\r\nG\u00f6ttingen<\/div><\/div><footer class=\"entry-footer\"><\/footer><\/article><\/div><div data-ajax-id='174' class=' grid-entry flex_column isotope-item all_sort no_margin post-entry post-entry-174 grid-entry-overview grid-loop-7 grid-parity-odd  post-entry-last  bauten-fuer-gemeinschaft-oeffentliche-bauten_sort  av_one_third first default_av_fullwidth '><article class='main_color inner-entry'  itemscope=\"itemscope\" itemtype=\"https:\/\/schema.org\/CreativeWork\" ><a href=\"https:\/\/www.schwieger-architekten.de\/de\/projekt\/christuskirche-omsk\/\" title='Kirchen- und Kulturzentrum &#8222;Christuskirche&#8220;, Omsk'  data-rel='grid-1' class='grid-image avia-hover-fx'> <img decoding=\"async\" fetchpriority=\"high\" width=\"400\" height=\"267\" src=\"https:\/\/www.schwieger-architekten.de\/wp-content\/uploads\/0408\/02\/christuskirche-omsk-400x267.jpg\" class=\"wp-image-964 avia-img-lazy-loading-not-964 attachment-medium size-medium wp-post-image\" alt=\"Neubau eines Kirchen- und Kulturzentrum f\u00fcr die &quot;Christuskirche&quot; Omsk in Westsibierien durch Schwieger Architekten aus G\u00f6ttingen.\" srcset=\"https:\/\/www.schwieger-architekten.de\/wp-content\/uploads\/0408\/02\/christuskirche-omsk-400x267.jpg 400w, https:\/\/www.schwieger-architekten.de\/wp-content\/uploads\/0408\/02\/christuskirche-omsk-768x512.jpg 768w, https:\/\/www.schwieger-architekten.de\/wp-content\/uploads\/0408\/02\/christuskirche-omsk-120x80.jpg 120w, https:\/\/www.schwieger-architekten.de\/wp-content\/uploads\/0408\/02\/christuskirche-omsk-705x470.jpg 705w, https:\/\/www.schwieger-architekten.de\/wp-content\/uploads\/0408\/02\/christuskirche-omsk-225x150.jpg 225w, https:\/\/www.schwieger-architekten.de\/wp-content\/uploads\/0408\/02\/christuskirche-omsk-180x120.jpg 180w, https:\/\/www.schwieger-architekten.de\/wp-content\/uploads\/0408\/02\/christuskirche-omsk.jpg 900w\" sizes=\"(max-width: 400px) 100vw, 400px\" \/><\/a><div class='grid-content'><div class='avia-arrow'><\/div><header class=\"entry-content-header\" aria-label=\"Portfolio: Kirchen- und Kulturzentrum &#8222;Christuskirche&#8220;, Omsk\"><h3 class='grid-entry-title entry-title '  itemprop=\"headline\" ><a href='https:\/\/www.schwieger-architekten.de\/de\/projekt\/christuskirche-omsk\/' title='Kirchen- und Kulturzentrum &#8222;Christuskirche&#8220;, Omsk'>Kirchen- und Kulturzentrum &#8222;Christuskirche&#8220;, Omsk<\/a><\/h3><\/header><div class='grid-entry-excerpt entry-content'  itemprop=\"text\" >Westsibirien)<\/div><\/div><footer class=\"entry-footer\"><\/footer><\/article><\/div><\/div><\/div>   <!--   class=\"av-portfolio-grid-sorting-container\"  --><\/div><\/p>\n","protected":false},"excerpt":{"rendered":"<p>Projekte\u00fcbersicht der \u00d6ffentliche Bauten von Schwieger Architekten aus G\u00f6ttingen in Omsk, Einbeck, Grona, Hildesheim und Holzminden.<\/p>\n","protected":false},"author":1,"featured_media":0,"parent":17,"menu_order":6,"comment_status":"closed","ping_status":"closed","template":"","meta":{"footnotes":""},"class_list":["post-500","page","type-page","status-publish","hentry"],"yoast_head":"<!-- This site is optimized with the Yoast SEO plugin v27.0 - https:\/\/yoast.com\/product\/yoast-seo-wordpress\/ -->\n<title>\u00d6ffentliche Bauten | Schwieger Architekten G\u00f6ttingen<\/title>\n<meta name=\"description\" content=\"Projekte\u00fcbersicht der \u00d6ffentliche Bauten von Schwieger Architekten aus G\u00f6ttingen in Omsk, Einbeck, Grona, Hildesheim und Holzminden.\" \/>\n<meta name=\"robots\" content=\"index, follow, max-snippet:-1, max-image-preview:large, max-video-preview:-1\" \/>\n<link rel=\"canonical\" href=\"https:\/\/www.schwieger-architekten.de\/de\/projekte\/oeffentliche-bauten\/\" \/>\n<meta property=\"og:locale\" content=\"de_DE\" \/>\n<meta property=\"og:type\" content=\"article\" \/>\n<meta property=\"og:title\" content=\"\u00d6ffentliche Bauten | Schwieger Architekten G\u00f6ttingen\" \/>\n<meta property=\"og:description\" content=\"Projekte\u00fcbersicht der \u00d6ffentliche Bauten von Schwieger Architekten aus G\u00f6ttingen in Omsk, Einbeck, Grona, Hildesheim und Holzminden.\" \/>\n<meta property=\"og:url\" content=\"https:\/\/www.schwieger-architekten.de\/de\/projekte\/oeffentliche-bauten\/\" \/>\n<meta property=\"og:site_name\" content=\"Schwieger Architekten\" \/>\n<meta property=\"article:modified_time\" content=\"2023-05-26T10:38:56+00:00\" \/>\n<meta name=\"twitter:card\" content=\"summary_large_image\" \/>\n<meta name=\"twitter:label1\" content=\"Gesch\u00e4tzte Lesezeit\" \/>\n\t<meta name=\"twitter:data1\" content=\"2\u00a0Minuten\" \/>\n<script type=\"application\/ld+json\" class=\"yoast-schema-graph\">{\"@context\":\"https:\/\/schema.org\",\"@graph\":[{\"@type\":\"WebPage\",\"@id\":\"https:\/\/www.schwieger-architekten.de\/de\/projekte\/oeffentliche-bauten\/\",\"url\":\"https:\/\/www.schwieger-architekten.de\/de\/projekte\/oeffentliche-bauten\/\",\"name\":\"\u00d6ffentliche Bauten | Schwieger Architekten G\u00f6ttingen\",\"isPartOf\":{\"@id\":\"https:\/\/www.schwieger-architekten.de\/de\/#website\"},\"datePublished\":\"2022-03-25T19:35:28+00:00\",\"dateModified\":\"2023-05-26T10:38:56+00:00\",\"description\":\"Projekte\u00fcbersicht der \u00d6ffentliche Bauten von Schwieger Architekten aus G\u00f6ttingen in Omsk, Einbeck, Grona, Hildesheim und Holzminden.\",\"breadcrumb\":{\"@id\":\"https:\/\/www.schwieger-architekten.de\/de\/projekte\/oeffentliche-bauten\/#breadcrumb\"},\"inLanguage\":\"de\",\"potentialAction\":[{\"@type\":\"ReadAction\",\"target\":[\"https:\/\/www.schwieger-architekten.de\/de\/projekte\/oeffentliche-bauten\/\"]}]},{\"@type\":\"BreadcrumbList\",\"@id\":\"https:\/\/www.schwieger-architekten.de\/de\/projekte\/oeffentliche-bauten\/#breadcrumb\",\"itemListElement\":[{\"@type\":\"ListItem\",\"position\":1,\"name\":\"Startseite\",\"item\":\"https:\/\/www.schwieger-architekten.de\/de\/\"},{\"@type\":\"ListItem\",\"position\":2,\"name\":\"Projekte\",\"item\":\"https:\/\/www.schwieger-architekten.de\/de\/projekte\/\"},{\"@type\":\"ListItem\",\"position\":3,\"name\":\"Bauten f\u00fcr Gemeinschaft, \u00f6ffentliche Bauten\"}]},{\"@type\":\"WebSite\",\"@id\":\"https:\/\/www.schwieger-architekten.de\/de\/#website\",\"url\":\"https:\/\/www.schwieger-architekten.de\/de\/\",\"name\":\"Schwieger Architekten\",\"description\":\"Schwieger Architekten G\u00f6ttingen\",\"potentialAction\":[{\"@type\":\"SearchAction\",\"target\":{\"@type\":\"EntryPoint\",\"urlTemplate\":\"https:\/\/www.schwieger-architekten.de\/de\/?s={search_term_string}\"},\"query-input\":{\"@type\":\"PropertyValueSpecification\",\"valueRequired\":true,\"valueName\":\"search_term_string\"}}],\"inLanguage\":\"de\"}]}<\/script>\n<!-- \/ Yoast SEO plugin. -->","yoast_head_json":{"title":"\u00d6ffentliche Bauten | Schwieger Architekten G\u00f6ttingen","description":"Projekte\u00fcbersicht der \u00d6ffentliche Bauten von Schwieger Architekten aus G\u00f6ttingen in Omsk, Einbeck, Grona, Hildesheim und Holzminden.","robots":{"index":"index","follow":"follow","max-snippet":"max-snippet:-1","max-image-preview":"max-image-preview:large","max-video-preview":"max-video-preview:-1"},"canonical":"https:\/\/www.schwieger-architekten.de\/de\/projekte\/oeffentliche-bauten\/","og_locale":"de_DE","og_type":"article","og_title":"\u00d6ffentliche Bauten | Schwieger Architekten G\u00f6ttingen","og_description":"Projekte\u00fcbersicht der \u00d6ffentliche Bauten von Schwieger Architekten aus G\u00f6ttingen in Omsk, Einbeck, Grona, Hildesheim und Holzminden.","og_url":"https:\/\/www.schwieger-architekten.de\/de\/projekte\/oeffentliche-bauten\/","og_site_name":"Schwieger Architekten","article_modified_time":"2023-05-26T10:38:56+00:00","twitter_card":"summary_large_image","twitter_misc":{"Gesch\u00e4tzte Lesezeit":"2\u00a0Minuten"},"schema":{"@context":"https:\/\/schema.org","@graph":[{"@type":"WebPage","@id":"https:\/\/www.schwieger-architekten.de\/de\/projekte\/oeffentliche-bauten\/","url":"https:\/\/www.schwieger-architekten.de\/de\/projekte\/oeffentliche-bauten\/","name":"\u00d6ffentliche Bauten | Schwieger Architekten G\u00f6ttingen","isPartOf":{"@id":"https:\/\/www.schwieger-architekten.de\/de\/#website"},"datePublished":"2022-03-25T19:35:28+00:00","dateModified":"2023-05-26T10:38:56+00:00","description":"Projekte\u00fcbersicht der \u00d6ffentliche Bauten von Schwieger Architekten aus G\u00f6ttingen in Omsk, Einbeck, Grona, Hildesheim und Holzminden.","breadcrumb":{"@id":"https:\/\/www.schwieger-architekten.de\/de\/projekte\/oeffentliche-bauten\/#breadcrumb"},"inLanguage":"de","potentialAction":[{"@type":"ReadAction","target":["https:\/\/www.schwieger-architekten.de\/de\/projekte\/oeffentliche-bauten\/"]}]},{"@type":"BreadcrumbList","@id":"https:\/\/www.schwieger-architekten.de\/de\/projekte\/oeffentliche-bauten\/#breadcrumb","itemListElement":[{"@type":"ListItem","position":1,"name":"Startseite","item":"https:\/\/www.schwieger-architekten.de\/de\/"},{"@type":"ListItem","position":2,"name":"Projekte","item":"https:\/\/www.schwieger-architekten.de\/de\/projekte\/"},{"@type":"ListItem","position":3,"name":"Bauten f\u00fcr Gemeinschaft, \u00f6ffentliche Bauten"}]},{"@type":"WebSite","@id":"https:\/\/www.schwieger-architekten.de\/de\/#website","url":"https:\/\/www.schwieger-architekten.de\/de\/","name":"Schwieger Architekten","description":"Schwieger Architekten G\u00f6ttingen","potentialAction":[{"@type":"SearchAction","target":{"@type":"EntryPoint","urlTemplate":"https:\/\/www.schwieger-architekten.de\/de\/?s={search_term_string}"},"query-input":{"@type":"PropertyValueSpecification","valueRequired":true,"valueName":"search_term_string"}}],"inLanguage":"de"}]}},"_links":{"self":[{"href":"https:\/\/www.schwieger-architekten.de\/de\/wp-json\/wp\/v2\/pages\/500","targetHints":{"allow":["GET"]}}],"collection":[{"href":"https:\/\/www.schwieger-architekten.de\/de\/wp-json\/wp\/v2\/pages"}],"about":[{"href":"https:\/\/www.schwieger-architekten.de\/de\/wp-json\/wp\/v2\/types\/page"}],"author":[{"embeddable":true,"href":"https:\/\/www.schwieger-architekten.de\/de\/wp-json\/wp\/v2\/users\/1"}],"replies":[{"embeddable":true,"href":"https:\/\/www.schwieger-architekten.de\/de\/wp-json\/wp\/v2\/comments?post=500"}],"version-history":[{"count":6,"href":"https:\/\/www.schwieger-architekten.de\/de\/wp-json\/wp\/v2\/pages\/500\/revisions"}],"predecessor-version":[{"id":3514,"href":"https:\/\/www.schwieger-architekten.de\/de\/wp-json\/wp\/v2\/pages\/500\/revisions\/3514"}],"up":[{"embeddable":true,"href":"https:\/\/www.schwieger-architekten.de\/de\/wp-json\/wp\/v2\/pages\/17"}],"wp:attachment":[{"href":"https:\/\/www.schwieger-architekten.de\/de\/wp-json\/wp\/v2\/media?parent=500"}],"curies":[{"name":"wp","href":"https:\/\/api.w.org\/{rel}","templated":true}]}}