{"id":505,"date":"2022-03-25T20:36:05","date_gmt":"2022-03-25T19:36:05","guid":{"rendered":"http:\/\/relaunch2022.schwieger-architekten.de\/?page_id=505"},"modified":"2023-05-26T12:36:09","modified_gmt":"2023-05-26T10:36:09","slug":"gesundheit","status":"publish","type":"page","link":"https:\/\/www.schwieger-architekten.de\/de\/projekte\/gesundheit\/","title":{"rendered":"Gesundheit"},"content":{"rendered":"<div  id=\"ProjectHeaderContainer\"  class='flex_column av-av_one_full-a7504114ef84704e31d457a985c3b100 av_one_full  avia-builder-el-0  el_before_av_one_full  avia-builder-el-first  first flex_column_div  '     ><style type=\"text\/css\" data-created_by=\"avia_inline_auto\" id=\"style-css-av-l3snsn6a-a7a624ecd73f923911fb9a6b32d576fc\">\n#top .av-special-heading.av-l3snsn6a-a7a624ecd73f923911fb9a6b32d576fc{\npadding-bottom:10px;\n}\nbody .av-special-heading.av-l3snsn6a-a7a624ecd73f923911fb9a6b32d576fc .av-special-heading-tag .heading-char{\nfont-size:25px;\n}\n.av-special-heading.av-l3snsn6a-a7a624ecd73f923911fb9a6b32d576fc .av-subheading{\nfont-size:15px;\n}\n<\/style>\n<div  id=\"ProjectHeader\"  class='av-special-heading av-l3snsn6a-a7a624ecd73f923911fb9a6b32d576fc av-special-heading-h1 blockquote modern-quote  avia-builder-el-1  avia-builder-el-no-sibling '><h1 class='av-special-heading-tag '  itemprop=\"headline\"  >Gesundheit<\/h1><div class=\"special-heading-border\"><div class=\"special-heading-inner-border\"><\/div><\/div><\/div><\/div>\n<style type=\"text\/css\" data-created_by=\"avia_inline_auto\" id=\"style-css-av-1ayz5-1b7be26d3da5426e0dcf8a584e7671f9\">\n#top .flex_column.av-1ayz5-1b7be26d3da5426e0dcf8a584e7671f9{\nmargin-top:0px;\nmargin-bottom:0px;\n}\n.responsive #top #wrap_all .flex_column.av-1ayz5-1b7be26d3da5426e0dcf8a584e7671f9{\nmargin-top:0px;\nmargin-bottom:0px;\n}\n<\/style>\n<div  class='flex_column av-1ayz5-1b7be26d3da5426e0dcf8a584e7671f9 av_one_full  avia-builder-el-2  el_after_av_one_full  avia-builder-el-last  first flex_column_div  column-top-margin'     ><div  id=\"av-sc-portfolio-1\"  class=\"av-portfolio-grid-sorting-container\"><div class='sort_width_container  av-sort-yes' data-portfolio-id='1' ><div id='js_sort_items' ><div class='sort_by_cat hidden'><a href=\"#\" data-filter=\"all_sort\" class=\"all_sort_button active_sort\"><span class=\"inner_sort_button\"><span>Alle<\/span><small class=\"av-cat-count\"> 5 <\/small><\/span><\/a><span class=\"text-sep gesundheit_sort_sep\">\/<\/span><a href=\"#\" data-filter=\"gesundheit_sort\" class=\"gesundheit_sort_button\" ><span class=\"inner_sort_button\"><span>Gesundheit<\/span><small class=\"av-cat-count\"> 5 <\/small><\/span><\/a><\/div><\/div><\/div><div  class=' grid-sort-container isotope   no_margin-container with-excerpt-container grid-total-odd grid-col-3 grid-links-' data-portfolio-id='1'><div data-ajax-id='152' class=' grid-entry flex_column isotope-item all_sort no_margin post-entry post-entry-152 grid-entry-overview grid-loop-1 grid-parity-odd  gesundheit_sort  av_one_third first default_av_fullwidth '><article class='main_color inner-entry'  itemscope=\"itemscope\" itemtype=\"https:\/\/schema.org\/CreativeWork\" ><a href=\"https:\/\/www.schwieger-architekten.de\/de\/projekt\/massregelvollzug-goettingen\/\" title='Neubau eines Hochsicherheitsbereichs f\u00fcr den Ma\u00dfregelvollzug G\u00f6ttingen und W\u00e4rmeversorgung f\u00fcr die JA Leineberg'  data-rel='grid-1' class='grid-image avia-hover-fx'> <img decoding=\"async\" fetchpriority=\"high\" width=\"400\" height=\"267\" src=\"https:\/\/www.schwieger-architekten.de\/wp-content\/uploads\/0552\/02\/massregelvollzug-jva-goettingen-400x267.jpg\" class=\"wp-image-914 avia-img-lazy-loading-not-914 attachment-medium size-medium wp-post-image\" alt=\"Ma\u00dfregelvollzug G\u00f6ttingen | Schwieger Architekten\" srcset=\"https:\/\/www.schwieger-architekten.de\/wp-content\/uploads\/0552\/02\/massregelvollzug-jva-goettingen-400x267.jpg 400w, https:\/\/www.schwieger-architekten.de\/wp-content\/uploads\/0552\/02\/massregelvollzug-jva-goettingen-768x512.jpg 768w, https:\/\/www.schwieger-architekten.de\/wp-content\/uploads\/0552\/02\/massregelvollzug-jva-goettingen-120x80.jpg 120w, https:\/\/www.schwieger-architekten.de\/wp-content\/uploads\/0552\/02\/massregelvollzug-jva-goettingen-705x470.jpg 705w, https:\/\/www.schwieger-architekten.de\/wp-content\/uploads\/0552\/02\/massregelvollzug-jva-goettingen-225x150.jpg 225w, https:\/\/www.schwieger-architekten.de\/wp-content\/uploads\/0552\/02\/massregelvollzug-jva-goettingen-180x120.jpg 180w, https:\/\/www.schwieger-architekten.de\/wp-content\/uploads\/0552\/02\/massregelvollzug-jva-goettingen.jpg 900w\" sizes=\"(max-width: 400px) 100vw, 400px\" \/><\/a><div class='grid-content'><div class='avia-arrow'><\/div><header class=\"entry-content-header\" aria-label=\"Portfolio: Neubau eines Hochsicherheitsbereichs f\u00fcr den Ma\u00dfregelvollzug G\u00f6ttingen und W\u00e4rmeversorgung f\u00fcr die JA Leineberg\"><h3 class='grid-entry-title entry-title '  itemprop=\"headline\" ><a href='https:\/\/www.schwieger-architekten.de\/de\/projekt\/massregelvollzug-goettingen\/' title='Neubau eines Hochsicherheitsbereichs f\u00fcr den Ma\u00dfregelvollzug G\u00f6ttingen und W\u00e4rmeversorgung f\u00fcr die JA Leineberg'>Neubau eines Hochsicherheitsbereichs f\u00fcr den Ma\u00dfregelvollzug G\u00f6ttingen und W\u00e4rmeversorgung f\u00fcr die JA Leineberg<\/a><\/h3><\/header><div class='grid-entry-excerpt entry-content'  itemprop=\"text\" >MRVZN Moringen\r\n1.Preis im Architektenwettbewerb<\/div><\/div><footer class=\"entry-footer\"><\/footer><\/article><\/div><div data-ajax-id='154' class=' grid-entry flex_column isotope-item all_sort no_margin post-entry post-entry-154 grid-entry-overview grid-loop-2 grid-parity-even  gesundheit_sort  av_one_third  default_av_fullwidth '><article class='main_color inner-entry'  itemscope=\"itemscope\" itemtype=\"https:\/\/schema.org\/CreativeWork\" ><a href=\"https:\/\/www.schwieger-architekten.de\/de\/projekt\/klinik-fuer-kinder-und-jugendpsychiatrie-und-psychotherapie-eisenach\/\" title='Klinik f\u00fcr Kinder- und Jugendpsychiatrie und -Psychotherapie, Eisenach'  data-rel='grid-1' class='grid-image avia-hover-fx'> <img decoding=\"async\" fetchpriority=\"high\" width=\"400\" height=\"267\" src=\"https:\/\/www.schwieger-architekten.de\/wp-content\/uploads\/2009\/02\/tagesklinik-eisenach-400x267.jpg\" class=\"wp-image-2816 avia-img-lazy-loading-not-2816 attachment-medium size-medium wp-post-image\" alt=\"Jugendpsychiatrie Eisenach | Schwieger Architekten G\u00f6ttingen\" srcset=\"https:\/\/www.schwieger-architekten.de\/wp-content\/uploads\/2009\/02\/tagesklinik-eisenach-400x267.jpg 400w, https:\/\/www.schwieger-architekten.de\/wp-content\/uploads\/2009\/02\/tagesklinik-eisenach-768x512.jpg 768w, https:\/\/www.schwieger-architekten.de\/wp-content\/uploads\/2009\/02\/tagesklinik-eisenach-120x80.jpg 120w, https:\/\/www.schwieger-architekten.de\/wp-content\/uploads\/2009\/02\/tagesklinik-eisenach-705x470.jpg 705w, https:\/\/www.schwieger-architekten.de\/wp-content\/uploads\/2009\/02\/tagesklinik-eisenach-225x150.jpg 225w, https:\/\/www.schwieger-architekten.de\/wp-content\/uploads\/2009\/02\/tagesklinik-eisenach-180x120.jpg 180w, https:\/\/www.schwieger-architekten.de\/wp-content\/uploads\/2009\/02\/tagesklinik-eisenach.jpg 900w\" sizes=\"(max-width: 400px) 100vw, 400px\" \/><\/a><div class='grid-content'><div class='avia-arrow'><\/div><header class=\"entry-content-header\" aria-label=\"Portfolio: Klinik f\u00fcr Kinder- und Jugendpsychiatrie und -Psychotherapie, Eisenach\"><h3 class='grid-entry-title entry-title '  itemprop=\"headline\" ><a href='https:\/\/www.schwieger-architekten.de\/de\/projekt\/klinik-fuer-kinder-und-jugendpsychiatrie-und-psychotherapie-eisenach\/' title='Klinik f\u00fcr Kinder- und Jugendpsychiatrie und -Psychotherapie, Eisenach'>Klinik f\u00fcr Kinder- und Jugendpsychiatrie und -Psychotherapie, Eisenach<\/a><\/h3><\/header><div class='grid-entry-excerpt entry-content'  itemprop=\"text\" >ARGE Schwieger & Ortmann\r\n\u00d6kumenisches Hainich Klinikum gGmbH<\/div><\/div><footer class=\"entry-footer\"><\/footer><\/article><\/div><div data-ajax-id='156' class=' grid-entry flex_column isotope-item all_sort no_margin post-entry post-entry-156 grid-entry-overview grid-loop-3 grid-parity-odd  gesundheit_sort wettbewerbe_sort  av_one_third  default_av_fullwidth '><article class='main_color inner-entry'  itemscope=\"itemscope\" itemtype=\"https:\/\/schema.org\/CreativeWork\" ><a href=\"https:\/\/www.schwieger-architekten.de\/de\/projekt\/massregelvollzug-muehlhausen\/\" title='Ma\u00dfregelvollzug M\u00fchlhausen'  data-rel='grid-1' class='grid-image avia-hover-fx'> <img decoding=\"async\" fetchpriority=\"high\" width=\"400\" height=\"267\" src=\"https:\/\/www.schwieger-architekten.de\/wp-content\/uploads\/2003\/02\/massregelvollzug-muehlhausen-400x267.jpg\" class=\"wp-image-942 avia-img-lazy-loading-not-942 attachment-medium size-medium wp-post-image\" alt=\"1. Preis im Wettbewerb und Mehrfachbeauftragung f\u00fcr den Neubau des Ma\u00dfregelvollzug in M\u00fchlhausen von Schwieger Architekten aus G\u00f6ttingen.\" srcset=\"https:\/\/www.schwieger-architekten.de\/wp-content\/uploads\/2003\/02\/massregelvollzug-muehlhausen-400x267.jpg 400w, https:\/\/www.schwieger-architekten.de\/wp-content\/uploads\/2003\/02\/massregelvollzug-muehlhausen-768x512.jpg 768w, https:\/\/www.schwieger-architekten.de\/wp-content\/uploads\/2003\/02\/massregelvollzug-muehlhausen-120x80.jpg 120w, https:\/\/www.schwieger-architekten.de\/wp-content\/uploads\/2003\/02\/massregelvollzug-muehlhausen-705x470.jpg 705w, https:\/\/www.schwieger-architekten.de\/wp-content\/uploads\/2003\/02\/massregelvollzug-muehlhausen-225x150.jpg 225w, https:\/\/www.schwieger-architekten.de\/wp-content\/uploads\/2003\/02\/massregelvollzug-muehlhausen-180x120.jpg 180w, https:\/\/www.schwieger-architekten.de\/wp-content\/uploads\/2003\/02\/massregelvollzug-muehlhausen.jpg 900w\" sizes=\"(max-width: 400px) 100vw, 400px\" \/><\/a><div class='grid-content'><div class='avia-arrow'><\/div><header class=\"entry-content-header\" aria-label=\"Portfolio: Ma\u00dfregelvollzug M\u00fchlhausen\"><h3 class='grid-entry-title entry-title '  itemprop=\"headline\" ><a href='https:\/\/www.schwieger-architekten.de\/de\/projekt\/massregelvollzug-muehlhausen\/' title='Ma\u00dfregelvollzug M\u00fchlhausen'>Ma\u00dfregelvollzug M\u00fchlhausen<\/a><\/h3><\/header><div class='grid-entry-excerpt entry-content'  itemprop=\"text\" >\u00d6kumenisches Hainich Klinikum gGmbH\r\n1. Preis Mehrfachbeauftragung<\/div><\/div><footer class=\"entry-footer\"><\/footer><\/article><\/div><div data-ajax-id='160' class=' grid-entry flex_column isotope-item all_sort no_margin post-entry post-entry-160 grid-entry-overview grid-loop-4 grid-parity-even  gesundheit_sort  av_one_third first default_av_fullwidth '><article class='main_color inner-entry'  itemscope=\"itemscope\" itemtype=\"https:\/\/schema.org\/CreativeWork\" ><a href=\"https:\/\/www.schwieger-architekten.de\/de\/projekt\/neubau-kurklinik-bad-schmiedeberg\/\" title='Neubau Kurklinik Bad Schmiedeberg'  data-rel='grid-1' class='grid-image avia-hover-fx'> <img decoding=\"async\" fetchpriority=\"high\" width=\"400\" height=\"267\" src=\"https:\/\/www.schwieger-architekten.de\/wp-content\/uploads\/2022\/02\/kurklinik-bad-schmiedeberg-400x267.jpg\" class=\"wp-image-337 avia-img-lazy-loading-not-337 attachment-medium size-medium wp-post-image\" alt=\"Neubau einer Kurklinik in Bad Schmiedeberg f\u00fcr die Eisenmoorbad Bad Schmiedeberg Kur-GmbH durch Schwieger Architekten in G\u00f6ttingen.\" srcset=\"https:\/\/www.schwieger-architekten.de\/wp-content\/uploads\/2022\/02\/kurklinik-bad-schmiedeberg-400x267.jpg 400w, https:\/\/www.schwieger-architekten.de\/wp-content\/uploads\/2022\/02\/kurklinik-bad-schmiedeberg-768x512.jpg 768w, https:\/\/www.schwieger-architekten.de\/wp-content\/uploads\/2022\/02\/kurklinik-bad-schmiedeberg-705x470.jpg 705w, https:\/\/www.schwieger-architekten.de\/wp-content\/uploads\/2022\/02\/kurklinik-bad-schmiedeberg.jpg 900w\" sizes=\"(max-width: 400px) 100vw, 400px\" \/><\/a><div class='grid-content'><div class='avia-arrow'><\/div><header class=\"entry-content-header\" aria-label=\"Portfolio: Neubau Kurklinik Bad Schmiedeberg\"><h3 class='grid-entry-title entry-title '  itemprop=\"headline\" ><a href='https:\/\/www.schwieger-architekten.de\/de\/projekt\/neubau-kurklinik-bad-schmiedeberg\/' title='Neubau Kurklinik Bad Schmiedeberg'>Neubau Kurklinik Bad Schmiedeberg<\/a><\/h3><\/header><div class='grid-entry-excerpt entry-content'  itemprop=\"text\" >Eisenmoorbad Bad Schmiedeberg Kur-GmbH<\/div><\/div><footer class=\"entry-footer\"><\/footer><\/article><\/div><div data-ajax-id='158' class=' grid-entry flex_column isotope-item all_sort no_margin post-entry post-entry-158 grid-entry-overview grid-loop-5 grid-parity-odd  post-entry-last  gesundheit_sort  av_one_third  default_av_fullwidth '><article class='main_color inner-entry'  itemscope=\"itemscope\" itemtype=\"https:\/\/schema.org\/CreativeWork\" ><a href=\"https:\/\/www.schwieger-architekten.de\/de\/projekt\/psychiatrische-klinik-goettingen\/\" title='Psychiatrische Klinik der Universit\u00e4t G\u00f6ttingen'  data-rel='grid-1' class='grid-image avia-hover-fx'> <img decoding=\"async\" fetchpriority=\"high\" width=\"400\" height=\"267\" src=\"https:\/\/www.schwieger-architekten.de\/wp-content\/uploads\/2022\/02\/psychiatrische-klinik-goettingen-400x267.jpg\" class=\"wp-image-340 avia-img-lazy-loading-not-340 attachment-medium size-medium wp-post-image\" alt=\"Um- und Erweiterungsbau im 2. Bauabschnitt f\u00fcr die Psychiatrische Klinik der Universit\u00e4t G\u00f6ttingen von Schwieger Architekten.\" srcset=\"https:\/\/www.schwieger-architekten.de\/wp-content\/uploads\/2022\/02\/psychiatrische-klinik-goettingen-400x267.jpg 400w, https:\/\/www.schwieger-architekten.de\/wp-content\/uploads\/2022\/02\/psychiatrische-klinik-goettingen-768x512.jpg 768w, https:\/\/www.schwieger-architekten.de\/wp-content\/uploads\/2022\/02\/psychiatrische-klinik-goettingen-705x470.jpg 705w, https:\/\/www.schwieger-architekten.de\/wp-content\/uploads\/2022\/02\/psychiatrische-klinik-goettingen.jpg 900w\" sizes=\"(max-width: 400px) 100vw, 400px\" \/><\/a><div class='grid-content'><div class='avia-arrow'><\/div><header class=\"entry-content-header\" aria-label=\"Portfolio: Psychiatrische Klinik der Universit\u00e4t G\u00f6ttingen\"><h3 class='grid-entry-title entry-title '  itemprop=\"headline\" ><a href='https:\/\/www.schwieger-architekten.de\/de\/projekt\/psychiatrische-klinik-goettingen\/' title='Psychiatrische Klinik der Universit\u00e4t G\u00f6ttingen'>Psychiatrische Klinik der Universit\u00e4t G\u00f6ttingen<\/a><\/h3><\/header><div class='grid-entry-excerpt entry-content'  itemprop=\"text\" >Um- und Erweiterungsbau 2. BA, Land Niedersachsen<\/div><\/div><footer class=\"entry-footer\"><\/footer><\/article><\/div><\/div><\/div>   <!--   class=\"av-portfolio-grid-sorting-container\"  --><\/div><\/p>\n","protected":false},"excerpt":{"rendered":"<p>Bauten f\u00fcr die Gesundheit von Schwieger Architekten aus G\u00f6ttingen in Leineberg, M\u00fchlhausen, Eisenach und Schmiedeberg.<\/p>\n","protected":false},"author":1,"featured_media":337,"parent":17,"menu_order":5,"comment_status":"closed","ping_status":"closed","template":"","meta":{"footnotes":""},"class_list":["post-505","page","type-page","status-publish","has-post-thumbnail","hentry"],"yoast_head":"<!-- This site is optimized with the Yoast SEO plugin v27.0 - https:\/\/yoast.com\/product\/yoast-seo-wordpress\/ -->\n<title>Gesundheit | Schwieger Architekten G\u00f6ttingen<\/title>\n<meta name=\"description\" content=\"Bauten f\u00fcr die Gesundheit von Schwieger Architekten aus G\u00f6ttingen in Leineberg, M\u00fchlhausen, Eisenach und Schmiedeberg.\" \/>\n<meta name=\"robots\" content=\"index, follow, max-snippet:-1, max-image-preview:large, max-video-preview:-1\" \/>\n<link rel=\"canonical\" href=\"https:\/\/www.schwieger-architekten.de\/de\/projekte\/gesundheit\/\" \/>\n<meta property=\"og:locale\" content=\"de_DE\" \/>\n<meta property=\"og:type\" content=\"article\" \/>\n<meta property=\"og:title\" content=\"Gesundheit | Schwieger Architekten G\u00f6ttingen\" \/>\n<meta property=\"og:description\" content=\"Bauten f\u00fcr die Gesundheit von Schwieger Architekten aus G\u00f6ttingen in Leineberg, M\u00fchlhausen, Eisenach und Schmiedeberg.\" \/>\n<meta property=\"og:url\" content=\"https:\/\/www.schwieger-architekten.de\/de\/projekte\/gesundheit\/\" \/>\n<meta property=\"og:site_name\" content=\"Schwieger Architekten\" \/>\n<meta property=\"article:modified_time\" content=\"2023-05-26T10:36:09+00:00\" \/>\n<meta property=\"og:image\" content=\"https:\/\/www.schwieger-architekten.de\/wp-content\/uploads\/2022\/02\/kurklinik-bad-schmiedeberg.jpg\" \/>\n\t<meta property=\"og:image:width\" content=\"900\" \/>\n\t<meta property=\"og:image:height\" content=\"600\" \/>\n\t<meta property=\"og:image:type\" content=\"image\/jpeg\" \/>\n<meta name=\"twitter:card\" content=\"summary_large_image\" \/>\n<meta name=\"twitter:label1\" content=\"Gesch\u00e4tzte Lesezeit\" \/>\n\t<meta name=\"twitter:data1\" content=\"2\u00a0Minuten\" \/>\n<script type=\"application\/ld+json\" class=\"yoast-schema-graph\">{\"@context\":\"https:\/\/schema.org\",\"@graph\":[{\"@type\":\"WebPage\",\"@id\":\"https:\/\/www.schwieger-architekten.de\/de\/projekte\/gesundheit\/\",\"url\":\"https:\/\/www.schwieger-architekten.de\/de\/projekte\/gesundheit\/\",\"name\":\"Gesundheit | Schwieger Architekten G\u00f6ttingen\",\"isPartOf\":{\"@id\":\"https:\/\/www.schwieger-architekten.de\/de\/#website\"},\"primaryImageOfPage\":{\"@id\":\"https:\/\/www.schwieger-architekten.de\/de\/projekte\/gesundheit\/#primaryimage\"},\"image\":{\"@id\":\"https:\/\/www.schwieger-architekten.de\/de\/projekte\/gesundheit\/#primaryimage\"},\"thumbnailUrl\":\"https:\/\/www.schwieger-architekten.de\/wp-content\/uploads\/2022\/02\/kurklinik-bad-schmiedeberg.jpg\",\"datePublished\":\"2022-03-25T19:36:05+00:00\",\"dateModified\":\"2023-05-26T10:36:09+00:00\",\"description\":\"Bauten f\u00fcr die Gesundheit von Schwieger Architekten aus G\u00f6ttingen in Leineberg, M\u00fchlhausen, Eisenach und Schmiedeberg.\",\"breadcrumb\":{\"@id\":\"https:\/\/www.schwieger-architekten.de\/de\/projekte\/gesundheit\/#breadcrumb\"},\"inLanguage\":\"de\",\"potentialAction\":[{\"@type\":\"ReadAction\",\"target\":[\"https:\/\/www.schwieger-architekten.de\/de\/projekte\/gesundheit\/\"]}]},{\"@type\":\"ImageObject\",\"inLanguage\":\"de\",\"@id\":\"https:\/\/www.schwieger-architekten.de\/de\/projekte\/gesundheit\/#primaryimage\",\"url\":\"https:\/\/www.schwieger-architekten.de\/wp-content\/uploads\/2022\/02\/kurklinik-bad-schmiedeberg.jpg\",\"contentUrl\":\"https:\/\/www.schwieger-architekten.de\/wp-content\/uploads\/2022\/02\/kurklinik-bad-schmiedeberg.jpg\",\"width\":900,\"height\":600,\"caption\":\"Neubau einer Kurklinik in Bad Schmiedeberg f\u00fcr die Eisenmoorbad Bad Schmiedeberg Kur-GmbH durch Schwieger Architekten in G\u00f6ttingen.\"},{\"@type\":\"BreadcrumbList\",\"@id\":\"https:\/\/www.schwieger-architekten.de\/de\/projekte\/gesundheit\/#breadcrumb\",\"itemListElement\":[{\"@type\":\"ListItem\",\"position\":1,\"name\":\"Startseite\",\"item\":\"https:\/\/www.schwieger-architekten.de\/de\/\"},{\"@type\":\"ListItem\",\"position\":2,\"name\":\"Projekte\",\"item\":\"https:\/\/www.schwieger-architekten.de\/de\/projekte\/\"},{\"@type\":\"ListItem\",\"position\":3,\"name\":\"Gesundheit\"}]},{\"@type\":\"WebSite\",\"@id\":\"https:\/\/www.schwieger-architekten.de\/de\/#website\",\"url\":\"https:\/\/www.schwieger-architekten.de\/de\/\",\"name\":\"Schwieger Architekten\",\"description\":\"Schwieger Architekten G\u00f6ttingen\",\"potentialAction\":[{\"@type\":\"SearchAction\",\"target\":{\"@type\":\"EntryPoint\",\"urlTemplate\":\"https:\/\/www.schwieger-architekten.de\/de\/?s={search_term_string}\"},\"query-input\":{\"@type\":\"PropertyValueSpecification\",\"valueRequired\":true,\"valueName\":\"search_term_string\"}}],\"inLanguage\":\"de\"}]}<\/script>\n<!-- \/ Yoast SEO plugin. -->","yoast_head_json":{"title":"Gesundheit | Schwieger Architekten G\u00f6ttingen","description":"Bauten f\u00fcr die Gesundheit von Schwieger Architekten aus G\u00f6ttingen in Leineberg, M\u00fchlhausen, Eisenach und Schmiedeberg.","robots":{"index":"index","follow":"follow","max-snippet":"max-snippet:-1","max-image-preview":"max-image-preview:large","max-video-preview":"max-video-preview:-1"},"canonical":"https:\/\/www.schwieger-architekten.de\/de\/projekte\/gesundheit\/","og_locale":"de_DE","og_type":"article","og_title":"Gesundheit | Schwieger Architekten G\u00f6ttingen","og_description":"Bauten f\u00fcr die Gesundheit von Schwieger Architekten aus G\u00f6ttingen in Leineberg, M\u00fchlhausen, Eisenach und Schmiedeberg.","og_url":"https:\/\/www.schwieger-architekten.de\/de\/projekte\/gesundheit\/","og_site_name":"Schwieger Architekten","article_modified_time":"2023-05-26T10:36:09+00:00","og_image":[{"width":900,"height":600,"url":"https:\/\/www.schwieger-architekten.de\/wp-content\/uploads\/2022\/02\/kurklinik-bad-schmiedeberg.jpg","type":"image\/jpeg"}],"twitter_card":"summary_large_image","twitter_misc":{"Gesch\u00e4tzte Lesezeit":"2\u00a0Minuten"},"schema":{"@context":"https:\/\/schema.org","@graph":[{"@type":"WebPage","@id":"https:\/\/www.schwieger-architekten.de\/de\/projekte\/gesundheit\/","url":"https:\/\/www.schwieger-architekten.de\/de\/projekte\/gesundheit\/","name":"Gesundheit | Schwieger Architekten G\u00f6ttingen","isPartOf":{"@id":"https:\/\/www.schwieger-architekten.de\/de\/#website"},"primaryImageOfPage":{"@id":"https:\/\/www.schwieger-architekten.de\/de\/projekte\/gesundheit\/#primaryimage"},"image":{"@id":"https:\/\/www.schwieger-architekten.de\/de\/projekte\/gesundheit\/#primaryimage"},"thumbnailUrl":"https:\/\/www.schwieger-architekten.de\/wp-content\/uploads\/2022\/02\/kurklinik-bad-schmiedeberg.jpg","datePublished":"2022-03-25T19:36:05+00:00","dateModified":"2023-05-26T10:36:09+00:00","description":"Bauten f\u00fcr die Gesundheit von Schwieger Architekten aus G\u00f6ttingen in Leineberg, M\u00fchlhausen, Eisenach und Schmiedeberg.","breadcrumb":{"@id":"https:\/\/www.schwieger-architekten.de\/de\/projekte\/gesundheit\/#breadcrumb"},"inLanguage":"de","potentialAction":[{"@type":"ReadAction","target":["https:\/\/www.schwieger-architekten.de\/de\/projekte\/gesundheit\/"]}]},{"@type":"ImageObject","inLanguage":"de","@id":"https:\/\/www.schwieger-architekten.de\/de\/projekte\/gesundheit\/#primaryimage","url":"https:\/\/www.schwieger-architekten.de\/wp-content\/uploads\/2022\/02\/kurklinik-bad-schmiedeberg.jpg","contentUrl":"https:\/\/www.schwieger-architekten.de\/wp-content\/uploads\/2022\/02\/kurklinik-bad-schmiedeberg.jpg","width":900,"height":600,"caption":"Neubau einer Kurklinik in Bad Schmiedeberg f\u00fcr die Eisenmoorbad Bad Schmiedeberg Kur-GmbH durch Schwieger Architekten in G\u00f6ttingen."},{"@type":"BreadcrumbList","@id":"https:\/\/www.schwieger-architekten.de\/de\/projekte\/gesundheit\/#breadcrumb","itemListElement":[{"@type":"ListItem","position":1,"name":"Startseite","item":"https:\/\/www.schwieger-architekten.de\/de\/"},{"@type":"ListItem","position":2,"name":"Projekte","item":"https:\/\/www.schwieger-architekten.de\/de\/projekte\/"},{"@type":"ListItem","position":3,"name":"Gesundheit"}]},{"@type":"WebSite","@id":"https:\/\/www.schwieger-architekten.de\/de\/#website","url":"https:\/\/www.schwieger-architekten.de\/de\/","name":"Schwieger Architekten","description":"Schwieger Architekten G\u00f6ttingen","potentialAction":[{"@type":"SearchAction","target":{"@type":"EntryPoint","urlTemplate":"https:\/\/www.schwieger-architekten.de\/de\/?s={search_term_string}"},"query-input":{"@type":"PropertyValueSpecification","valueRequired":true,"valueName":"search_term_string"}}],"inLanguage":"de"}]}},"_links":{"self":[{"href":"https:\/\/www.schwieger-architekten.de\/de\/wp-json\/wp\/v2\/pages\/505","targetHints":{"allow":["GET"]}}],"collection":[{"href":"https:\/\/www.schwieger-architekten.de\/de\/wp-json\/wp\/v2\/pages"}],"about":[{"href":"https:\/\/www.schwieger-architekten.de\/de\/wp-json\/wp\/v2\/types\/page"}],"author":[{"embeddable":true,"href":"https:\/\/www.schwieger-architekten.de\/de\/wp-json\/wp\/v2\/users\/1"}],"replies":[{"embeddable":true,"href":"https:\/\/www.schwieger-architekten.de\/de\/wp-json\/wp\/v2\/comments?post=505"}],"version-history":[{"count":7,"href":"https:\/\/www.schwieger-architekten.de\/de\/wp-json\/wp\/v2\/pages\/505\/revisions"}],"predecessor-version":[{"id":3512,"href":"https:\/\/www.schwieger-architekten.de\/de\/wp-json\/wp\/v2\/pages\/505\/revisions\/3512"}],"up":[{"embeddable":true,"href":"https:\/\/www.schwieger-architekten.de\/de\/wp-json\/wp\/v2\/pages\/17"}],"wp:featuredmedia":[{"embeddable":true,"href":"https:\/\/www.schwieger-architekten.de\/de\/wp-json\/wp\/v2\/media\/337"}],"wp:attachment":[{"href":"https:\/\/www.schwieger-architekten.de\/de\/wp-json\/wp\/v2\/media?parent=505"}],"curies":[{"name":"wp","href":"https:\/\/api.w.org\/{rel}","templated":true}]}}