{"id":511,"date":"2022-03-25T20:37:04","date_gmt":"2022-03-25T19:37:04","guid":{"rendered":"http:\/\/relaunch2022.schwieger-architekten.de\/?page_id=511"},"modified":"2023-05-30T12:21:03","modified_gmt":"2023-05-30T10:21:03","slug":"projektsteuerung","status":"publish","type":"page","link":"https:\/\/www.schwieger-architekten.de\/de\/projekte\/projektsteuerung\/","title":{"rendered":"Projektsteuerung"},"content":{"rendered":"<div  id=\"ProjectHeaderContainer\"  class='flex_column av-bc2zb-8c2e5d18ed2923f0bdb702018951968e av_one_full  avia-builder-el-0  el_before_av_one_full  avia-builder-el-first  first flex_column_div  '     ><p>\n<style type=\"text\/css\" data-created_by=\"avia_inline_auto\" id=\"style-css-av-l3so4lu6-994c1c28b8fb2d374f23e80d71a7effb\">\n#top .av-special-heading.av-l3so4lu6-994c1c28b8fb2d374f23e80d71a7effb{\npadding-bottom:10px;\n}\nbody .av-special-heading.av-l3so4lu6-994c1c28b8fb2d374f23e80d71a7effb .av-special-heading-tag .heading-char{\nfont-size:25px;\n}\n.av-special-heading.av-l3so4lu6-994c1c28b8fb2d374f23e80d71a7effb .av-subheading{\nfont-size:15px;\n}\n<\/style>\n<div  id=\"ProjectHeader\"  class='av-special-heading av-l3so4lu6-994c1c28b8fb2d374f23e80d71a7effb av-special-heading-h1 blockquote modern-quote  avia-builder-el-1  el_before_av_textblock  avia-builder-el-first '><h1 class='av-special-heading-tag '  itemprop=\"headline\"  >Projektsteuerung<\/h1><div class=\"special-heading-border\"><div class=\"special-heading-inner-border\"><\/div><\/div><\/div><br \/>\n<section  class='av_textblock_section av-l2fys0nk-8939bbb67c1fcbc60d5dddaa47dc7183 '   itemscope=\"itemscope\" itemtype=\"https:\/\/schema.org\/CreativeWork\" ><div class='avia_textblock'  itemprop=\"text\" ><p>Projektsteuerungsziele:<\/p>\n<ol>\n<li>Vertragsmanagement<\/li>\n<li>Kostenmanagement<\/li>\n<li>Terminsteuerung<\/li>\n<li>Qualit\u00e4tsmanagement<\/li>\n<li>M\u00e4ngel aufzeigen\/ L\u00f6sungen finden<\/li>\n<li>Entscheidungen\/ Vorg\u00e4nge beschleunigen<\/li>\n<li>Schnittstellen pr\u00fcfen<\/li>\n<\/ol>\n<\/div><\/section><\/p><\/div>\n\n<style type=\"text\/css\" data-created_by=\"avia_inline_auto\" id=\"style-css-av-cjkkf-320042cae29567317718d4c1648b7ace\">\n#top .flex_column.av-cjkkf-320042cae29567317718d4c1648b7ace{\nmargin-top:0px;\nmargin-bottom:0px;\n}\n.responsive #top #wrap_all .flex_column.av-cjkkf-320042cae29567317718d4c1648b7ace{\nmargin-top:0px;\nmargin-bottom:0px;\n}\n<\/style>\n<div  class='flex_column av-cjkkf-320042cae29567317718d4c1648b7ace av_one_full  avia-builder-el-3  el_after_av_one_full  avia-builder-el-last  first flex_column_div  column-top-margin'     ><div  id=\"av-sc-portfolio-1\"  class=\"av-portfolio-grid-sorting-container\"><div class='sort_width_container  av-sort-yes' data-portfolio-id='1' ><div id='js_sort_items' ><div class='sort_by_cat hidden'><a href=\"#\" data-filter=\"all_sort\" class=\"all_sort_button active_sort\"><span class=\"inner_sort_button\"><span>Alle<\/span><small class=\"av-cat-count\"> 2 <\/small><\/span><\/a><span class=\"text-sep projektsteuerung_sort_sep\">\/<\/span><a href=\"#\" data-filter=\"projektsteuerung_sort\" class=\"projektsteuerung_sort_button\" ><span class=\"inner_sort_button\"><span>Projektsteuerung<\/span><small class=\"av-cat-count\"> 2 <\/small><\/span><\/a><\/div><\/div><\/div><div  class=' grid-sort-container isotope   no_margin-container with-excerpt-container grid-total-even grid-col-3 grid-links-' data-portfolio-id='1'><div data-ajax-id='3089' class=' grid-entry flex_column isotope-item all_sort no_margin post-entry post-entry-3089 grid-entry-overview grid-loop-1 grid-parity-odd  projektsteuerung_sort  av_one_third first default_av_fullwidth '><article class='main_color inner-entry'  itemscope=\"itemscope\" itemtype=\"https:\/\/schema.org\/CreativeWork\" ><a href=\"https:\/\/www.schwieger-architekten.de\/de\/projekt\/ps-speicher-einbeck\/\" title='PS.Speicher'  data-rel='grid-1' class='grid-image avia-hover-fx'> <img decoding=\"async\" fetchpriority=\"high\" width=\"400\" height=\"267\" src=\"https:\/\/www.schwieger-architekten.de\/wp-content\/uploads\/2012\/09\/ps-speicher-03-2-400x267.jpg\" class=\"wp-image-3096 avia-img-lazy-loading-not-3096 attachment-medium size-medium wp-post-image\" alt=\"PS.Speicher Einbeck | Schwieger Architekten G\u00f6ttingen\" srcset=\"https:\/\/www.schwieger-architekten.de\/wp-content\/uploads\/2012\/09\/ps-speicher-03-2-400x267.jpg 400w, https:\/\/www.schwieger-architekten.de\/wp-content\/uploads\/2012\/09\/ps-speicher-03-2-768x512.jpg 768w, https:\/\/www.schwieger-architekten.de\/wp-content\/uploads\/2012\/09\/ps-speicher-03-2-120x80.jpg 120w, https:\/\/www.schwieger-architekten.de\/wp-content\/uploads\/2012\/09\/ps-speicher-03-2-705x470.jpg 705w, https:\/\/www.schwieger-architekten.de\/wp-content\/uploads\/2012\/09\/ps-speicher-03-2-225x150.jpg 225w, https:\/\/www.schwieger-architekten.de\/wp-content\/uploads\/2012\/09\/ps-speicher-03-2-180x120.jpg 180w, https:\/\/www.schwieger-architekten.de\/wp-content\/uploads\/2012\/09\/ps-speicher-03-2.jpg 997w\" sizes=\"(max-width: 400px) 100vw, 400px\" \/><\/a><div class='grid-content'><div class='avia-arrow'><\/div><header class=\"entry-content-header\" aria-label=\"Portfolio: PS.Speicher\"><h3 class='grid-entry-title entry-title '  itemprop=\"headline\" ><a href='https:\/\/www.schwieger-architekten.de\/de\/projekt\/ps-speicher-einbeck\/' title='PS.Speicher'>PS.Speicher<\/a><\/h3><\/header><div class='grid-entry-excerpt entry-content'  itemprop=\"text\" >Einbeck<\/div><\/div><footer class=\"entry-footer\"><\/footer><\/article><\/div><div data-ajax-id='210' class=' grid-entry flex_column isotope-item all_sort no_margin post-entry post-entry-210 grid-entry-overview grid-loop-2 grid-parity-even  post-entry-last  projektsteuerung_sort  av_one_third  default_av_fullwidth '><article class='main_color inner-entry'  itemscope=\"itemscope\" itemtype=\"https:\/\/schema.org\/CreativeWork\" ><a href=\"https:\/\/www.schwieger-architekten.de\/de\/projekt\/evangelisches-krankenhaus\/\" title='Evangelisches Krankenhaus'  data-rel='grid-1' class='grid-image avia-hover-fx'> <img decoding=\"async\" fetchpriority=\"high\" width=\"400\" height=\"267\" src=\"https:\/\/www.schwieger-architekten.de\/wp-content\/uploads\/2022\/02\/evangelische-kirche-400x267.jpg\" class=\"wp-image-238 avia-img-lazy-loading-not-238 attachment-medium size-medium wp-post-image\" alt=\"Projektsteuerung und Beratungen zu Haushaltsunterlagen f\u00fcr den Neubau des Evangelischen Krankenhaus G\u00f6ttingen durch Schwieger Architekten.\" srcset=\"https:\/\/www.schwieger-architekten.de\/wp-content\/uploads\/2022\/02\/evangelische-kirche-400x267.jpg 400w, https:\/\/www.schwieger-architekten.de\/wp-content\/uploads\/2022\/02\/evangelische-kirche-768x512.jpg 768w, https:\/\/www.schwieger-architekten.de\/wp-content\/uploads\/2022\/02\/evangelische-kirche-705x470.jpg 705w, https:\/\/www.schwieger-architekten.de\/wp-content\/uploads\/2022\/02\/evangelische-kirche.jpg 900w\" sizes=\"(max-width: 400px) 100vw, 400px\" \/><\/a><div class='grid-content'><div class='avia-arrow'><\/div><header class=\"entry-content-header\" aria-label=\"Portfolio: Evangelisches Krankenhaus\"><h3 class='grid-entry-title entry-title '  itemprop=\"headline\" ><a href='https:\/\/www.schwieger-architekten.de\/de\/projekt\/evangelisches-krankenhaus\/' title='Evangelisches Krankenhaus'>Evangelisches Krankenhaus<\/a><\/h3><\/header><div class='grid-entry-excerpt entry-content'  itemprop=\"text\" >G\u00f6ttingen-Weende gGmbH<\/div><\/div><footer class=\"entry-footer\"><\/footer><\/article><\/div><\/div><\/div>   <!--   class=\"av-portfolio-grid-sorting-container\"  --><\/div>\n","protected":false},"excerpt":{"rendered":"","protected":false},"author":1,"featured_media":0,"parent":17,"menu_order":10,"comment_status":"closed","ping_status":"closed","template":"","meta":{"footnotes":""},"class_list":["post-511","page","type-page","status-publish","hentry"],"yoast_head":"<!-- This site is optimized with the Yoast SEO plugin v27.0 - https:\/\/yoast.com\/product\/yoast-seo-wordpress\/ -->\n<title>Projektsteuerung | Schwieger Architekten G\u00f6ttingen<\/title>\n<meta name=\"description\" content=\"Schwieger Architekten G\u00f6ttingen zeichnen sich durch eine pr\u00e4zise Projektsteuerung aus, die eine reibungslose Umsetzung ihrer architektonischen Projekte gew\u00e4hrleistet.\" \/>\n<meta name=\"robots\" content=\"index, follow, max-snippet:-1, max-image-preview:large, max-video-preview:-1\" \/>\n<link rel=\"canonical\" href=\"https:\/\/www.schwieger-architekten.de\/de\/projekte\/projektsteuerung\/\" \/>\n<meta property=\"og:locale\" content=\"de_DE\" \/>\n<meta property=\"og:type\" content=\"article\" \/>\n<meta property=\"og:title\" content=\"Projektsteuerung | Schwieger Architekten G\u00f6ttingen\" \/>\n<meta property=\"og:description\" content=\"Schwieger Architekten G\u00f6ttingen zeichnen sich durch eine pr\u00e4zise Projektsteuerung aus, die eine reibungslose Umsetzung ihrer architektonischen Projekte gew\u00e4hrleistet.\" \/>\n<meta property=\"og:url\" content=\"https:\/\/www.schwieger-architekten.de\/de\/projekte\/projektsteuerung\/\" \/>\n<meta property=\"og:site_name\" content=\"Schwieger Architekten\" \/>\n<meta property=\"article:modified_time\" content=\"2023-05-30T10:21:03+00:00\" \/>\n<meta name=\"twitter:card\" content=\"summary_large_image\" \/>\n<meta name=\"twitter:label1\" content=\"Gesch\u00e4tzte Lesezeit\" \/>\n\t<meta name=\"twitter:data1\" content=\"2\u00a0Minuten\" \/>\n<script type=\"application\/ld+json\" class=\"yoast-schema-graph\">{\"@context\":\"https:\/\/schema.org\",\"@graph\":[{\"@type\":\"WebPage\",\"@id\":\"https:\/\/www.schwieger-architekten.de\/de\/projekte\/projektsteuerung\/\",\"url\":\"https:\/\/www.schwieger-architekten.de\/de\/projekte\/projektsteuerung\/\",\"name\":\"Projektsteuerung | Schwieger Architekten G\u00f6ttingen\",\"isPartOf\":{\"@id\":\"https:\/\/www.schwieger-architekten.de\/de\/#website\"},\"datePublished\":\"2022-03-25T19:37:04+00:00\",\"dateModified\":\"2023-05-30T10:21:03+00:00\",\"description\":\"Schwieger Architekten G\u00f6ttingen zeichnen sich durch eine pr\u00e4zise Projektsteuerung aus, die eine reibungslose Umsetzung ihrer architektonischen Projekte gew\u00e4hrleistet.\",\"breadcrumb\":{\"@id\":\"https:\/\/www.schwieger-architekten.de\/de\/projekte\/projektsteuerung\/#breadcrumb\"},\"inLanguage\":\"de\",\"potentialAction\":[{\"@type\":\"ReadAction\",\"target\":[\"https:\/\/www.schwieger-architekten.de\/de\/projekte\/projektsteuerung\/\"]}]},{\"@type\":\"BreadcrumbList\",\"@id\":\"https:\/\/www.schwieger-architekten.de\/de\/projekte\/projektsteuerung\/#breadcrumb\",\"itemListElement\":[{\"@type\":\"ListItem\",\"position\":1,\"name\":\"Startseite\",\"item\":\"https:\/\/www.schwieger-architekten.de\/de\/\"},{\"@type\":\"ListItem\",\"position\":2,\"name\":\"Projekte\",\"item\":\"https:\/\/www.schwieger-architekten.de\/de\/projekte\/\"},{\"@type\":\"ListItem\",\"position\":3,\"name\":\"Projektsteuerung\"}]},{\"@type\":\"WebSite\",\"@id\":\"https:\/\/www.schwieger-architekten.de\/de\/#website\",\"url\":\"https:\/\/www.schwieger-architekten.de\/de\/\",\"name\":\"Schwieger Architekten\",\"description\":\"Schwieger Architekten G\u00f6ttingen\",\"potentialAction\":[{\"@type\":\"SearchAction\",\"target\":{\"@type\":\"EntryPoint\",\"urlTemplate\":\"https:\/\/www.schwieger-architekten.de\/de\/?s={search_term_string}\"},\"query-input\":{\"@type\":\"PropertyValueSpecification\",\"valueRequired\":true,\"valueName\":\"search_term_string\"}}],\"inLanguage\":\"de\"}]}<\/script>\n<!-- \/ Yoast SEO plugin. -->","yoast_head_json":{"title":"Projektsteuerung | Schwieger Architekten G\u00f6ttingen","description":"Schwieger Architekten G\u00f6ttingen zeichnen sich durch eine pr\u00e4zise Projektsteuerung aus, die eine reibungslose Umsetzung ihrer architektonischen Projekte gew\u00e4hrleistet.","robots":{"index":"index","follow":"follow","max-snippet":"max-snippet:-1","max-image-preview":"max-image-preview:large","max-video-preview":"max-video-preview:-1"},"canonical":"https:\/\/www.schwieger-architekten.de\/de\/projekte\/projektsteuerung\/","og_locale":"de_DE","og_type":"article","og_title":"Projektsteuerung | Schwieger Architekten G\u00f6ttingen","og_description":"Schwieger Architekten G\u00f6ttingen zeichnen sich durch eine pr\u00e4zise Projektsteuerung aus, die eine reibungslose Umsetzung ihrer architektonischen Projekte gew\u00e4hrleistet.","og_url":"https:\/\/www.schwieger-architekten.de\/de\/projekte\/projektsteuerung\/","og_site_name":"Schwieger Architekten","article_modified_time":"2023-05-30T10:21:03+00:00","twitter_card":"summary_large_image","twitter_misc":{"Gesch\u00e4tzte Lesezeit":"2\u00a0Minuten"},"schema":{"@context":"https:\/\/schema.org","@graph":[{"@type":"WebPage","@id":"https:\/\/www.schwieger-architekten.de\/de\/projekte\/projektsteuerung\/","url":"https:\/\/www.schwieger-architekten.de\/de\/projekte\/projektsteuerung\/","name":"Projektsteuerung | Schwieger Architekten G\u00f6ttingen","isPartOf":{"@id":"https:\/\/www.schwieger-architekten.de\/de\/#website"},"datePublished":"2022-03-25T19:37:04+00:00","dateModified":"2023-05-30T10:21:03+00:00","description":"Schwieger Architekten G\u00f6ttingen zeichnen sich durch eine pr\u00e4zise Projektsteuerung aus, die eine reibungslose Umsetzung ihrer architektonischen Projekte gew\u00e4hrleistet.","breadcrumb":{"@id":"https:\/\/www.schwieger-architekten.de\/de\/projekte\/projektsteuerung\/#breadcrumb"},"inLanguage":"de","potentialAction":[{"@type":"ReadAction","target":["https:\/\/www.schwieger-architekten.de\/de\/projekte\/projektsteuerung\/"]}]},{"@type":"BreadcrumbList","@id":"https:\/\/www.schwieger-architekten.de\/de\/projekte\/projektsteuerung\/#breadcrumb","itemListElement":[{"@type":"ListItem","position":1,"name":"Startseite","item":"https:\/\/www.schwieger-architekten.de\/de\/"},{"@type":"ListItem","position":2,"name":"Projekte","item":"https:\/\/www.schwieger-architekten.de\/de\/projekte\/"},{"@type":"ListItem","position":3,"name":"Projektsteuerung"}]},{"@type":"WebSite","@id":"https:\/\/www.schwieger-architekten.de\/de\/#website","url":"https:\/\/www.schwieger-architekten.de\/de\/","name":"Schwieger Architekten","description":"Schwieger Architekten G\u00f6ttingen","potentialAction":[{"@type":"SearchAction","target":{"@type":"EntryPoint","urlTemplate":"https:\/\/www.schwieger-architekten.de\/de\/?s={search_term_string}"},"query-input":{"@type":"PropertyValueSpecification","valueRequired":true,"valueName":"search_term_string"}}],"inLanguage":"de"}]}},"_links":{"self":[{"href":"https:\/\/www.schwieger-architekten.de\/de\/wp-json\/wp\/v2\/pages\/511","targetHints":{"allow":["GET"]}}],"collection":[{"href":"https:\/\/www.schwieger-architekten.de\/de\/wp-json\/wp\/v2\/pages"}],"about":[{"href":"https:\/\/www.schwieger-architekten.de\/de\/wp-json\/wp\/v2\/types\/page"}],"author":[{"embeddable":true,"href":"https:\/\/www.schwieger-architekten.de\/de\/wp-json\/wp\/v2\/users\/1"}],"replies":[{"embeddable":true,"href":"https:\/\/www.schwieger-architekten.de\/de\/wp-json\/wp\/v2\/comments?post=511"}],"version-history":[{"count":7,"href":"https:\/\/www.schwieger-architekten.de\/de\/wp-json\/wp\/v2\/pages\/511\/revisions"}],"predecessor-version":[{"id":2373,"href":"https:\/\/www.schwieger-architekten.de\/de\/wp-json\/wp\/v2\/pages\/511\/revisions\/2373"}],"up":[{"embeddable":true,"href":"https:\/\/www.schwieger-architekten.de\/de\/wp-json\/wp\/v2\/pages\/17"}],"wp:attachment":[{"href":"https:\/\/www.schwieger-architekten.de\/de\/wp-json\/wp\/v2\/media?parent=511"}],"curies":[{"name":"wp","href":"https:\/\/api.w.org\/{rel}","templated":true}]}}