{"id":517,"date":"2022-03-25T20:38:05","date_gmt":"2022-03-25T19:38:05","guid":{"rendered":"http:\/\/relaunch2022.schwieger-architekten.de\/?page_id=517"},"modified":"2023-05-24T18:03:16","modified_gmt":"2023-05-24T16:03:16","slug":"wohnungsbau-altenwohnen","status":"publish","type":"page","link":"https:\/\/www.schwieger-architekten.de\/de\/projekte\/wohnungsbau-altenwohnen\/","title":{"rendered":"Wohnungsbau, Altenwohnen"},"content":{"rendered":"<div  id=\"ProjectHeaderContainer\"  class='flex_column av-l3smz575-e70f7c984c3e89f8b648793d2a72c25e av_one_full  avia-builder-el-0  el_before_av_one_full  avia-builder-el-first  first flex_column_div  '     ><style type=\"text\/css\" data-created_by=\"avia_inline_auto\" id=\"style-css-av-l3smyzs4-fc0a34c5e7a97b142df4736a9b7e1327\">\n#top .av-special-heading.av-l3smyzs4-fc0a34c5e7a97b142df4736a9b7e1327{\npadding-bottom:10px;\n}\nbody .av-special-heading.av-l3smyzs4-fc0a34c5e7a97b142df4736a9b7e1327 .av-special-heading-tag .heading-char{\nfont-size:25px;\n}\n.av-special-heading.av-l3smyzs4-fc0a34c5e7a97b142df4736a9b7e1327 .av-subheading{\nfont-size:15px;\n}\n<\/style>\n<div  id=\"ProjectHeader\"  class='av-special-heading av-l3smyzs4-fc0a34c5e7a97b142df4736a9b7e1327 av-special-heading-h1 blockquote modern-quote  avia-builder-el-1  avia-builder-el-no-sibling '><h1 class='av-special-heading-tag '  itemprop=\"headline\"  >Wohnungsbau, Altenwohnen<\/h1><div class=\"special-heading-border\"><div class=\"special-heading-inner-border\"><\/div><\/div><\/div><\/div>\n\n<style type=\"text\/css\" data-created_by=\"avia_inline_auto\" id=\"style-css-av-gonut-930257c54165d9c2b1b6c24311d9ec0b\">\n#top .flex_column.av-gonut-930257c54165d9c2b1b6c24311d9ec0b{\nmargin-top:0px;\nmargin-bottom:0px;\n}\n.responsive #top #wrap_all .flex_column.av-gonut-930257c54165d9c2b1b6c24311d9ec0b{\nmargin-top:0px;\nmargin-bottom:0px;\n}\n<\/style>\n<div  class='flex_column av-gonut-930257c54165d9c2b1b6c24311d9ec0b av_one_full  avia-builder-el-2  el_after_av_one_full  el_before_av_textblock  first flex_column_div  column-top-margin'     ><div  id=\"av-sc-portfolio-1\"  class=\"av-portfolio-grid-sorting-container\"><div class='sort_width_container  av-sort-yes' data-portfolio-id='1' ><div id='js_sort_items' ><div class='sort_by_cat hidden'><a href=\"#\" data-filter=\"all_sort\" class=\"all_sort_button active_sort\"><span class=\"inner_sort_button\"><span>Alle<\/span><small class=\"av-cat-count\"> 4 <\/small><\/span><\/a><span class=\"text-sep wohnungsbau-altenwohnen_sort_sep\">\/<\/span><a href=\"#\" data-filter=\"wohnungsbau-altenwohnen_sort\" class=\"wohnungsbau-altenwohnen_sort_button\" ><span class=\"inner_sort_button\"><span>Wohnungsbau, Altenwohnen<\/span><small class=\"av-cat-count\"> 4 <\/small><\/span><\/a><\/div><\/div><\/div><div  class=' grid-sort-container isotope   no_margin-container with-excerpt-container grid-total-even grid-col-3 grid-links-' data-portfolio-id='1'><div data-ajax-id='86' class=' grid-entry flex_column isotope-item all_sort no_margin post-entry post-entry-86 grid-entry-overview grid-loop-1 grid-parity-odd  wohnungsbau-altenwohnen_sort  av_one_third first default_av_fullwidth '><article class='main_color inner-entry'  itemscope=\"itemscope\" itemtype=\"https:\/\/schema.org\/CreativeWork\" ><a href=\"https:\/\/www.schwieger-architekten.de\/de\/projekt\/sanierung-studentenwohnheim-goettingen\/\" title='Sanierung Studentenwohnheim'  data-rel='grid-1' class='grid-image avia-hover-fx'> <img decoding=\"async\" fetchpriority=\"high\" width=\"400\" height=\"267\" src=\"https:\/\/www.schwieger-architekten.de\/wp-content\/uploads\/2020\/12\/studentenwohnheim-goettingen-400x267.jpg\" class=\"wp-image-830 avia-img-lazy-loading-not-830 attachment-medium size-medium wp-post-image\" alt=\"Sanierung Studentenwohnheim G\u00f6ttingen\" srcset=\"https:\/\/www.schwieger-architekten.de\/wp-content\/uploads\/2020\/12\/studentenwohnheim-goettingen-400x267.jpg 400w, https:\/\/www.schwieger-architekten.de\/wp-content\/uploads\/2020\/12\/studentenwohnheim-goettingen-768x512.jpg 768w, https:\/\/www.schwieger-architekten.de\/wp-content\/uploads\/2020\/12\/studentenwohnheim-goettingen-120x80.jpg 120w, https:\/\/www.schwieger-architekten.de\/wp-content\/uploads\/2020\/12\/studentenwohnheim-goettingen-705x470.jpg 705w, https:\/\/www.schwieger-architekten.de\/wp-content\/uploads\/2020\/12\/studentenwohnheim-goettingen-225x150.jpg 225w, https:\/\/www.schwieger-architekten.de\/wp-content\/uploads\/2020\/12\/studentenwohnheim-goettingen-180x120.jpg 180w, https:\/\/www.schwieger-architekten.de\/wp-content\/uploads\/2020\/12\/studentenwohnheim-goettingen.jpg 900w\" sizes=\"(max-width: 400px) 100vw, 400px\" \/><\/a><div class='grid-content'><div class='avia-arrow'><\/div><header class=\"entry-content-header\" aria-label=\"Portfolio: Sanierung Studentenwohnheim\"><h3 class='grid-entry-title entry-title '  itemprop=\"headline\" ><a href='https:\/\/www.schwieger-architekten.de\/de\/projekt\/sanierung-studentenwohnheim-goettingen\/' title='Sanierung Studentenwohnheim'>Sanierung Studentenwohnheim<\/a><\/h3><\/header><div class='grid-entry-excerpt entry-content'  itemprop=\"text\" >Rote Str. 1-5, Burgstra\u00dfe 52, G\u00f6ttingen\r\nStudentenwerk G\u00f6ttingen<\/div><\/div><footer class=\"entry-footer\"><\/footer><\/article><\/div><div data-ajax-id='90' class=' grid-entry flex_column isotope-item all_sort no_margin post-entry post-entry-90 grid-entry-overview grid-loop-2 grid-parity-even  wohnungsbau-altenwohnen_sort  av_one_third  default_av_fullwidth '><article class='main_color inner-entry'  itemscope=\"itemscope\" itemtype=\"https:\/\/schema.org\/CreativeWork\" ><a href=\"https:\/\/www.schwieger-architekten.de\/de\/projekt\/wohnhaus-goettingen\/\" title='Wohnhaus G\u00f6ttingen'  data-rel='grid-1' class='grid-image avia-hover-fx'> <img decoding=\"async\" fetchpriority=\"high\" width=\"400\" height=\"267\" src=\"https:\/\/www.schwieger-architekten.de\/wp-content\/uploads\/2022\/02\/wohnhaus-goettingen-400x267.jpg\" class=\"wp-image-384 avia-img-lazy-loading-not-384 attachment-medium size-medium wp-post-image\" alt=\"Umbau und Sanierung eines Wohnhaus in G\u00f6ttingen zur Erweiterung des Wohnraumes durch Schwieger Architekten.\" srcset=\"https:\/\/www.schwieger-architekten.de\/wp-content\/uploads\/2022\/02\/wohnhaus-goettingen-400x267.jpg 400w, https:\/\/www.schwieger-architekten.de\/wp-content\/uploads\/2022\/02\/wohnhaus-goettingen-768x512.jpg 768w, https:\/\/www.schwieger-architekten.de\/wp-content\/uploads\/2022\/02\/wohnhaus-goettingen-705x470.jpg 705w, https:\/\/www.schwieger-architekten.de\/wp-content\/uploads\/2022\/02\/wohnhaus-goettingen.jpg 900w\" sizes=\"(max-width: 400px) 100vw, 400px\" \/><\/a><div class='grid-content'><div class='avia-arrow'><\/div><header class=\"entry-content-header\" aria-label=\"Portfolio: Wohnhaus G\u00f6ttingen\"><h3 class='grid-entry-title entry-title '  itemprop=\"headline\" ><a href='https:\/\/www.schwieger-architekten.de\/de\/projekt\/wohnhaus-goettingen\/' title='Wohnhaus G\u00f6ttingen'>Wohnhaus G\u00f6ttingen<\/a><\/h3><\/header><\/div><footer class=\"entry-footer\"><\/footer><\/article><\/div><div data-ajax-id='88' class=' grid-entry flex_column isotope-item all_sort no_margin post-entry post-entry-88 grid-entry-overview grid-loop-3 grid-parity-odd  wohnungsbau-altenwohnen_sort  av_one_third  default_av_fullwidth '><article class='main_color inner-entry'  itemscope=\"itemscope\" itemtype=\"https:\/\/schema.org\/CreativeWork\" ><a href=\"https:\/\/www.schwieger-architekten.de\/de\/projekt\/sanierung-liebrechtstrasse-goettingen\/\" title='Umbau und Sanierung Liebrechtstra\u00dfe 1-3, 9-11, 4-8, Weender Landstra\u00dfe 89-97'  data-rel='grid-1' class='grid-image avia-hover-fx'> <img decoding=\"async\" fetchpriority=\"high\" width=\"400\" height=\"267\" src=\"https:\/\/www.schwieger-architekten.de\/wp-content\/uploads\/2022\/02\/liebrechtstrasse-1-3-01-400x267.jpg\" class=\"wp-image-483 avia-img-lazy-loading-not-483 attachment-medium size-medium wp-post-image\" alt=\"Umbau und Sanierung eines Mehrfamilienhauses in der Liebrechtstra\u00dfe 1-3 und Weender Landstra\u00dfe 89-97 in G\u00f6ttingen von Schwieger Architekten.\" srcset=\"https:\/\/www.schwieger-architekten.de\/wp-content\/uploads\/2022\/02\/liebrechtstrasse-1-3-01-400x267.jpg 400w, https:\/\/www.schwieger-architekten.de\/wp-content\/uploads\/2022\/02\/liebrechtstrasse-1-3-01-768x512.jpg 768w, https:\/\/www.schwieger-architekten.de\/wp-content\/uploads\/2022\/02\/liebrechtstrasse-1-3-01-705x470.jpg 705w, https:\/\/www.schwieger-architekten.de\/wp-content\/uploads\/2022\/02\/liebrechtstrasse-1-3-01.jpg 900w\" sizes=\"(max-width: 400px) 100vw, 400px\" \/><\/a><div class='grid-content'><div class='avia-arrow'><\/div><header class=\"entry-content-header\" aria-label=\"Portfolio: Umbau und Sanierung Liebrechtstra\u00dfe 1-3, 9-11, 4-8, Weender Landstra\u00dfe 89-97\"><h3 class='grid-entry-title entry-title '  itemprop=\"headline\" ><a href='https:\/\/www.schwieger-architekten.de\/de\/projekt\/sanierung-liebrechtstrasse-goettingen\/' title='Umbau und Sanierung Liebrechtstra\u00dfe 1-3, 9-11, 4-8, Weender Landstra\u00dfe 89-97'>Umbau und Sanierung Liebrechtstra\u00dfe 1-3, 9-11, 4-8, Weender Landstra\u00dfe 89-97<\/a><\/h3><\/header><div class='grid-entry-excerpt entry-content'  itemprop=\"text\" >Wohnungsgenossenschaft eG G\u00f6ttingen<\/div><\/div><footer class=\"entry-footer\"><\/footer><\/article><\/div><div data-ajax-id='92' class=' grid-entry flex_column isotope-item all_sort no_margin post-entry post-entry-92 grid-entry-overview grid-loop-4 grid-parity-even  post-entry-last  wohnungsbau-altenwohnen_sort  av_one_third first default_av_fullwidth '><article class='main_color inner-entry'  itemscope=\"itemscope\" itemtype=\"https:\/\/schema.org\/CreativeWork\" ><a href=\"https:\/\/www.schwieger-architekten.de\/de\/projekt\/500-wohn-und-geschaeftsbebauung-sparkasse-herzberg-an-der-sieber\/\" title='Wohn- und Gesch\u00e4ftsbebauung Sparkasse Herzberg &#8222;An der Sieber&#8220;'  data-rel='grid-1' class='grid-image avia-hover-fx'> <img decoding=\"async\" fetchpriority=\"high\" width=\"400\" height=\"267\" src=\"https:\/\/www.schwieger-architekten.de\/wp-content\/uploads\/1000\/02\/sparkasse-herzberg-400x267.jpg\" class=\"wp-image-2754 avia-img-lazy-loading-not-2754 attachment-medium size-medium wp-post-image\" alt=\"1. Preis im Wettbewerb und Neubau einer Wohn- und Gesch\u00e4ftsbebauung f\u00fcr Sparkasse Herzberg durch Schwieger Architekten aus G\u00f6ttingen.\" srcset=\"https:\/\/www.schwieger-architekten.de\/wp-content\/uploads\/1000\/02\/sparkasse-herzberg-400x267.jpg 400w, https:\/\/www.schwieger-architekten.de\/wp-content\/uploads\/1000\/02\/sparkasse-herzberg-768x512.jpg 768w, https:\/\/www.schwieger-architekten.de\/wp-content\/uploads\/1000\/02\/sparkasse-herzberg-120x80.jpg 120w, https:\/\/www.schwieger-architekten.de\/wp-content\/uploads\/1000\/02\/sparkasse-herzberg-705x470.jpg 705w, https:\/\/www.schwieger-architekten.de\/wp-content\/uploads\/1000\/02\/sparkasse-herzberg-225x150.jpg 225w, https:\/\/www.schwieger-architekten.de\/wp-content\/uploads\/1000\/02\/sparkasse-herzberg-180x120.jpg 180w, https:\/\/www.schwieger-architekten.de\/wp-content\/uploads\/1000\/02\/sparkasse-herzberg.jpg 900w\" sizes=\"(max-width: 400px) 100vw, 400px\" \/><\/a><div class='grid-content'><div class='avia-arrow'><\/div><header class=\"entry-content-header\" aria-label=\"Portfolio: Wohn- und Gesch\u00e4ftsbebauung Sparkasse Herzberg &#8222;An der Sieber&#8220;\"><h3 class='grid-entry-title entry-title '  itemprop=\"headline\" ><a href='https:\/\/www.schwieger-architekten.de\/de\/projekt\/500-wohn-und-geschaeftsbebauung-sparkasse-herzberg-an-der-sieber\/' title='Wohn- und Gesch\u00e4ftsbebauung Sparkasse Herzberg &#8222;An der Sieber&#8220;'>Wohn- und Gesch\u00e4ftsbebauung Sparkasse Herzberg &#8222;An der Sieber&#8220;<\/a><\/h3><\/header><div class='grid-entry-excerpt entry-content'  itemprop=\"text\" >1. Preis im Wettbewerb nach GRW<\/div><\/div><footer class=\"entry-footer\"><\/footer><\/article><\/div><\/div><\/div>   <!--   class=\"av-portfolio-grid-sorting-container\"  --><\/div><section  class='av_textblock_section av-3mst-5cc8e053ac27393793f29a047a6ab919 '   itemscope=\"itemscope\" itemtype=\"https:\/\/schema.org\/CreativeWork\" ><div class='avia_textblock'  itemprop=\"text\" ><div class=\"codespacing_progress_map_area cspm_linear_gradient_bg\" data-map-id=\"map548\" data-show-infobox=\"true\" data-infobox-display-event=\"onload\"  style=\"width:100%; height:600px;\"><input type=\"hidden\" name=\"cspm_map_page_id_map548\" id=\"cspm_map_page_id_map548\" value=\"517\" \/><div class=\"cspm-row\" style=\"margin:0; padding:0;\"><div class=\"cspm-col-lg-12 cspm-col-xs-12 cspm-col-sm-12 cspm-col-md-12\" style=\"position:relative; overflow:hidden; margin:0; padding:0;\"><div class=\"cspm_custom_controls\" data-map-id=\"map548\"><div class=\"cspm_map_red_msg_widget cspm_border_shadow cspm_border_radius\" data-map-id=\"map548\"><\/div><div class=\"cspm_map_green_msg_widget cspm_border_shadow cspm_border_radius\" data-map-id=\"map548\"><\/div><div class=\"cspm_map_orange_msg_widget cspm_border_shadow cspm_border_radius\" data-map-id=\"map548\"><\/div><div class=\"cspm_map_blue_msg_widget cspm_border_shadow cspm_border_radius\" data-map-id=\"map548\"><\/div><div class=\"cspm_map_help_msg_widget cspm_border_shadow cspm_border_radius\" data-map-id=\"map548\"><\/div><div id=\"pulsating_holder\" class=\"map548_pulsating\"><div class=\"dot cspm_border_hex\"><\/div><\/div><div class=\"cspm_zoom_container\"><div class=\"cspm_zoom_in_map548 cspm_map_btn cspm_zoom_in_control cspm_bg_rgb_hover cspm_border_shadow cspm_border_top_radius\" title=\"Zoom in\"><img decoding=\"async\" class=\"cspm_svg cspm_svg_white\" src=\"https:\/\/www.schwieger-architekten.de\/wp-content\/plugins\/codespacing-progress-map\/img\/svg\/addition-sign.svg\" \/><\/div><div class=\"cspm_zoom_out_map548 cspm_map_btn cspm_zoom_out_control cspm_bg_rgb_hover cspm_border_shadow cspm_border_bottom_radius\" title=\"Zoom out\"><img decoding=\"async\" class=\"cspm_svg cspm_svg_white\" src=\"https:\/\/www.schwieger-architekten.de\/wp-content\/plugins\/codespacing-progress-map\/img\/svg\/minus-sign.svg\" \/><\/div><\/div><div class=\"cluster_posts_widget_map548 cspm_border_shadow cspm_border_radius\"><div class=\"cspm_infobox_spinner cspm_border_top_after_hex\"><\/div><\/div><div class=\"cspm_recenter_map_btn cspm_map_btn cspm_border_shadow cspm_border_radius\" data-map-id=\"map548\" title=\"Recenter the map\" style=\"top:115px\"><img decoding=\"async\" class=\"cspm_svg cspm_svg_colored\" src=\"https:\/\/www.schwieger-architekten.de\/wp-content\/plugins\/codespacing-progress-map\/img\/svg\/recenter.svg\" \/><\/div><div class=\"cspm_map_sidebars\" data-map-id=\"map548\"><div class=\"cspm_sidebar top\" data-map-id=\"map548\" data-content_id=\"\"><\/div><div class=\"cspm_sidebar right\" data-map-id=\"map548\" data-content_id=\"\"><\/div><div class=\"cspm_sidebar bottom\" data-map-id=\"map548\" data-content_id=\"\"><\/div><div class=\"cspm_sidebar left\" data-map-id=\"map548\" data-content_id=\"\"><\/div><\/div><\/div><div id=\"codespacing_progress_map_div_map548\" data-map-id=\"map548\" style=\"height:600px;\"><\/div><\/div><\/div><div class=\"cspm-row\" style=\"margin:0; padding:0\"><\/div><\/div>\n<\/div><\/section><\/p>\n","protected":false},"excerpt":{"rendered":"<p>Projektauswahl von Wohnungsbau und Altenwohnen in G\u00f6ttingen, Herzberg, Duderstadt und Kassel von Architekt Hansjochen Schwieger.<\/p>\n","protected":false},"author":1,"featured_media":0,"parent":17,"menu_order":1,"comment_status":"closed","ping_status":"closed","template":"","meta":{"footnotes":""},"class_list":["post-517","page","type-page","status-publish","hentry"],"yoast_head":"<!-- This site is optimized with the Yoast SEO plugin v27.0 - https:\/\/yoast.com\/product\/yoast-seo-wordpress\/ -->\n<title>Wohnungsbau und Altenwohnen | Schwieger Architekten G\u00f6ttingen<\/title>\n<meta name=\"description\" content=\"Projektauswahl von Wohnungsbau und Altenwohnen in G\u00f6ttingen, Herzberg, Duderstadt und Kassel von Architekt Hansjochen Schwieger.\" \/>\n<meta name=\"robots\" content=\"index, follow, max-snippet:-1, max-image-preview:large, max-video-preview:-1\" \/>\n<link rel=\"canonical\" href=\"https:\/\/www.schwieger-architekten.de\/de\/projekte\/wohnungsbau-altenwohnen\/\" \/>\n<meta property=\"og:locale\" content=\"de_DE\" \/>\n<meta property=\"og:type\" content=\"article\" \/>\n<meta property=\"og:title\" content=\"Wohnungsbau und Altenwohnen | Schwieger Architekten G\u00f6ttingen\" \/>\n<meta property=\"og:description\" content=\"Projektauswahl von Wohnungsbau und Altenwohnen in G\u00f6ttingen, Herzberg, Duderstadt und Kassel von Architekt Hansjochen Schwieger.\" \/>\n<meta property=\"og:url\" content=\"https:\/\/www.schwieger-architekten.de\/de\/projekte\/wohnungsbau-altenwohnen\/\" \/>\n<meta property=\"og:site_name\" content=\"Schwieger Architekten\" \/>\n<meta property=\"article:modified_time\" content=\"2023-05-24T16:03:16+00:00\" \/>\n<meta name=\"twitter:card\" content=\"summary_large_image\" \/>\n<meta name=\"twitter:label1\" content=\"Gesch\u00e4tzte Lesezeit\" \/>\n\t<meta name=\"twitter:data1\" content=\"2\u00a0Minuten\" \/>\n<script type=\"application\/ld+json\" class=\"yoast-schema-graph\">{\"@context\":\"https:\/\/schema.org\",\"@graph\":[{\"@type\":\"WebPage\",\"@id\":\"https:\/\/www.schwieger-architekten.de\/de\/projekte\/wohnungsbau-altenwohnen\/\",\"url\":\"https:\/\/www.schwieger-architekten.de\/de\/projekte\/wohnungsbau-altenwohnen\/\",\"name\":\"Wohnungsbau und Altenwohnen | Schwieger Architekten G\u00f6ttingen\",\"isPartOf\":{\"@id\":\"https:\/\/www.schwieger-architekten.de\/de\/#website\"},\"datePublished\":\"2022-03-25T19:38:05+00:00\",\"dateModified\":\"2023-05-24T16:03:16+00:00\",\"description\":\"Projektauswahl von Wohnungsbau und Altenwohnen in G\u00f6ttingen, Herzberg, Duderstadt und Kassel von Architekt Hansjochen Schwieger.\",\"breadcrumb\":{\"@id\":\"https:\/\/www.schwieger-architekten.de\/de\/projekte\/wohnungsbau-altenwohnen\/#breadcrumb\"},\"inLanguage\":\"de\",\"potentialAction\":[{\"@type\":\"ReadAction\",\"target\":[\"https:\/\/www.schwieger-architekten.de\/de\/projekte\/wohnungsbau-altenwohnen\/\"]}]},{\"@type\":\"BreadcrumbList\",\"@id\":\"https:\/\/www.schwieger-architekten.de\/de\/projekte\/wohnungsbau-altenwohnen\/#breadcrumb\",\"itemListElement\":[{\"@type\":\"ListItem\",\"position\":1,\"name\":\"Startseite\",\"item\":\"https:\/\/www.schwieger-architekten.de\/de\/\"},{\"@type\":\"ListItem\",\"position\":2,\"name\":\"Projekte\",\"item\":\"https:\/\/www.schwieger-architekten.de\/de\/projekte\/\"},{\"@type\":\"ListItem\",\"position\":3,\"name\":\"Wohnungsbau, Altenwohnen\"}]},{\"@type\":\"WebSite\",\"@id\":\"https:\/\/www.schwieger-architekten.de\/de\/#website\",\"url\":\"https:\/\/www.schwieger-architekten.de\/de\/\",\"name\":\"Schwieger Architekten\",\"description\":\"Schwieger Architekten G\u00f6ttingen\",\"potentialAction\":[{\"@type\":\"SearchAction\",\"target\":{\"@type\":\"EntryPoint\",\"urlTemplate\":\"https:\/\/www.schwieger-architekten.de\/de\/?s={search_term_string}\"},\"query-input\":{\"@type\":\"PropertyValueSpecification\",\"valueRequired\":true,\"valueName\":\"search_term_string\"}}],\"inLanguage\":\"de\"}]}<\/script>\n<!-- \/ Yoast SEO plugin. -->","yoast_head_json":{"title":"Wohnungsbau und Altenwohnen | Schwieger Architekten G\u00f6ttingen","description":"Projektauswahl von Wohnungsbau und Altenwohnen in G\u00f6ttingen, Herzberg, Duderstadt und Kassel von Architekt Hansjochen Schwieger.","robots":{"index":"index","follow":"follow","max-snippet":"max-snippet:-1","max-image-preview":"max-image-preview:large","max-video-preview":"max-video-preview:-1"},"canonical":"https:\/\/www.schwieger-architekten.de\/de\/projekte\/wohnungsbau-altenwohnen\/","og_locale":"de_DE","og_type":"article","og_title":"Wohnungsbau und Altenwohnen | Schwieger Architekten G\u00f6ttingen","og_description":"Projektauswahl von Wohnungsbau und Altenwohnen in G\u00f6ttingen, Herzberg, Duderstadt und Kassel von Architekt Hansjochen Schwieger.","og_url":"https:\/\/www.schwieger-architekten.de\/de\/projekte\/wohnungsbau-altenwohnen\/","og_site_name":"Schwieger Architekten","article_modified_time":"2023-05-24T16:03:16+00:00","twitter_card":"summary_large_image","twitter_misc":{"Gesch\u00e4tzte Lesezeit":"2\u00a0Minuten"},"schema":{"@context":"https:\/\/schema.org","@graph":[{"@type":"WebPage","@id":"https:\/\/www.schwieger-architekten.de\/de\/projekte\/wohnungsbau-altenwohnen\/","url":"https:\/\/www.schwieger-architekten.de\/de\/projekte\/wohnungsbau-altenwohnen\/","name":"Wohnungsbau und Altenwohnen | Schwieger Architekten G\u00f6ttingen","isPartOf":{"@id":"https:\/\/www.schwieger-architekten.de\/de\/#website"},"datePublished":"2022-03-25T19:38:05+00:00","dateModified":"2023-05-24T16:03:16+00:00","description":"Projektauswahl von Wohnungsbau und Altenwohnen in G\u00f6ttingen, Herzberg, Duderstadt und Kassel von Architekt Hansjochen Schwieger.","breadcrumb":{"@id":"https:\/\/www.schwieger-architekten.de\/de\/projekte\/wohnungsbau-altenwohnen\/#breadcrumb"},"inLanguage":"de","potentialAction":[{"@type":"ReadAction","target":["https:\/\/www.schwieger-architekten.de\/de\/projekte\/wohnungsbau-altenwohnen\/"]}]},{"@type":"BreadcrumbList","@id":"https:\/\/www.schwieger-architekten.de\/de\/projekte\/wohnungsbau-altenwohnen\/#breadcrumb","itemListElement":[{"@type":"ListItem","position":1,"name":"Startseite","item":"https:\/\/www.schwieger-architekten.de\/de\/"},{"@type":"ListItem","position":2,"name":"Projekte","item":"https:\/\/www.schwieger-architekten.de\/de\/projekte\/"},{"@type":"ListItem","position":3,"name":"Wohnungsbau, Altenwohnen"}]},{"@type":"WebSite","@id":"https:\/\/www.schwieger-architekten.de\/de\/#website","url":"https:\/\/www.schwieger-architekten.de\/de\/","name":"Schwieger Architekten","description":"Schwieger Architekten G\u00f6ttingen","potentialAction":[{"@type":"SearchAction","target":{"@type":"EntryPoint","urlTemplate":"https:\/\/www.schwieger-architekten.de\/de\/?s={search_term_string}"},"query-input":{"@type":"PropertyValueSpecification","valueRequired":true,"valueName":"search_term_string"}}],"inLanguage":"de"}]}},"_links":{"self":[{"href":"https:\/\/www.schwieger-architekten.de\/de\/wp-json\/wp\/v2\/pages\/517","targetHints":{"allow":["GET"]}}],"collection":[{"href":"https:\/\/www.schwieger-architekten.de\/de\/wp-json\/wp\/v2\/pages"}],"about":[{"href":"https:\/\/www.schwieger-architekten.de\/de\/wp-json\/wp\/v2\/types\/page"}],"author":[{"embeddable":true,"href":"https:\/\/www.schwieger-architekten.de\/de\/wp-json\/wp\/v2\/users\/1"}],"replies":[{"embeddable":true,"href":"https:\/\/www.schwieger-architekten.de\/de\/wp-json\/wp\/v2\/comments?post=517"}],"version-history":[{"count":28,"href":"https:\/\/www.schwieger-architekten.de\/de\/wp-json\/wp\/v2\/pages\/517\/revisions"}],"predecessor-version":[{"id":3506,"href":"https:\/\/www.schwieger-architekten.de\/de\/wp-json\/wp\/v2\/pages\/517\/revisions\/3506"}],"up":[{"embeddable":true,"href":"https:\/\/www.schwieger-architekten.de\/de\/wp-json\/wp\/v2\/pages\/17"}],"wp:attachment":[{"href":"https:\/\/www.schwieger-architekten.de\/de\/wp-json\/wp\/v2\/media?parent=517"}],"curies":[{"name":"wp","href":"https:\/\/api.w.org\/{rel}","templated":true}]}}