{"id":2277,"date":"2022-03-25T20:36:05","date_gmt":"2022-03-25T19:36:05","guid":{"rendered":"http:\/\/relaunch2022.schwieger-architekten.de\/projects\/healthcare\/"},"modified":"2023-06-06T15:20:48","modified_gmt":"2023-06-06T13:20:48","slug":"healthcare","status":"publish","type":"page","link":"https:\/\/www.schwieger-architekten.de\/en\/projects\/healthcare\/","title":{"rendered":"Healthcare"},"content":{"rendered":"<p><div  id=\"ProjectHeaderContainer\"  class='flex_column av-75qxt-ad349b8d80fe21e79a883b86c65578cc av_one_full  avia-builder-el-0  el_before_av_one_full  avia-builder-el-first  first flex_column_div  '     ><style type=\"text\/css\" data-created_by=\"avia_inline_auto\" id=\"style-css-av-l3snsn6a-096867453d71e2d6bf989417664a745e\">\n#top .av-special-heading.av-l3snsn6a-096867453d71e2d6bf989417664a745e{\npadding-bottom:10px;\n}\nbody .av-special-heading.av-l3snsn6a-096867453d71e2d6bf989417664a745e .av-special-heading-tag .heading-char{\nfont-size:25px;\n}\n.av-special-heading.av-l3snsn6a-096867453d71e2d6bf989417664a745e .av-subheading{\nfont-size:15px;\n}\n<\/style>\n<div  id=\"ProjectHeader\"  class='av-special-heading av-l3snsn6a-096867453d71e2d6bf989417664a745e av-special-heading-h1 blockquote modern-quote  avia-builder-el-1  avia-builder-el-no-sibling '><h1 class='av-special-heading-tag '  itemprop=\"headline\"  >Healthcare<\/h1><div class=\"special-heading-border\"><div class=\"special-heading-inner-border\"><\/div><\/div><\/div><\/div>\n<style type=\"text\/css\" data-created_by=\"avia_inline_auto\" id=\"style-css-av-1ayz5-1b7be26d3da5426e0dcf8a584e7671f9\">\n#top .flex_column.av-1ayz5-1b7be26d3da5426e0dcf8a584e7671f9{\nmargin-top:0px;\nmargin-bottom:0px;\n}\n.responsive #top #wrap_all .flex_column.av-1ayz5-1b7be26d3da5426e0dcf8a584e7671f9{\nmargin-top:0px;\nmargin-bottom:0px;\n}\n<\/style>\n<div  class='flex_column av-1ayz5-1b7be26d3da5426e0dcf8a584e7671f9 av_one_full  avia-builder-el-2  el_after_av_one_full  avia-builder-el-last  first flex_column_div  column-top-margin'     ><div  id=\"av-sc-portfolio-1\"  class=\"av-portfolio-grid-sorting-container\"><div class='sort_width_container  av-sort-yes' data-portfolio-id='1' ><div id='js_sort_items' ><div class='sort_by_cat hidden'><a href=\"#\" data-filter=\"all_sort\" class=\"all_sort_button active_sort\"><span class=\"inner_sort_button\"><span>All<\/span><small class=\"av-cat-count\"> 5 <\/small><\/span><\/a><span class=\"text-sep healthcare_sort_sep\">\/<\/span><a href=\"#\" data-filter=\"healthcare_sort\" class=\"healthcare_sort_button\" ><span class=\"inner_sort_button\"><span>Healthcare<\/span><small class=\"av-cat-count\"> 5 <\/small><\/span><\/a><\/div><\/div><\/div><div  class=' grid-sort-container isotope   no_margin-container with-excerpt-container grid-total-odd grid-col-3 grid-links-' data-portfolio-id='1'><div data-ajax-id='2506' class=' grid-entry flex_column isotope-item all_sort no_margin post-entry post-entry-2506 grid-entry-overview grid-loop-1 grid-parity-odd  healthcare_sort  av_one_third first default_av_fullwidth '><article class='main_color inner-entry'  itemscope=\"itemscope\" itemtype=\"https:\/\/schema.org\/CreativeWork\" ><a href=\"https:\/\/www.schwieger-architekten.de\/en\/projekt\/maximum-security-area-goettingen\/\" title='New Construction, Maximum Security Area of a Forensic Psychiatric Hospital in G\u00f6ttingen and Heat Supply for the Juvenile Institution in Leineberg'  data-rel='grid-1' class='grid-image avia-hover-fx'> <img decoding=\"async\" fetchpriority=\"high\" width=\"400\" height=\"267\" src=\"https:\/\/www.schwieger-architekten.de\/wp-content\/uploads\/0552\/02\/massregelvollzug-jva-goettingen-400x267.jpg\" class=\"wp-image-915 avia-img-lazy-loading-not-915 attachment-medium size-medium wp-post-image\" alt=\"New construction of a high-security area for the G\u00f6ttingen detention centre and heat supply for the Leineberg juvenile institution\" srcset=\"https:\/\/www.schwieger-architekten.de\/wp-content\/uploads\/0552\/02\/massregelvollzug-jva-goettingen-400x267.jpg 400w, https:\/\/www.schwieger-architekten.de\/wp-content\/uploads\/0552\/02\/massregelvollzug-jva-goettingen-768x512.jpg 768w, https:\/\/www.schwieger-architekten.de\/wp-content\/uploads\/0552\/02\/massregelvollzug-jva-goettingen-120x80.jpg 120w, https:\/\/www.schwieger-architekten.de\/wp-content\/uploads\/0552\/02\/massregelvollzug-jva-goettingen-705x470.jpg 705w, https:\/\/www.schwieger-architekten.de\/wp-content\/uploads\/0552\/02\/massregelvollzug-jva-goettingen-225x150.jpg 225w, https:\/\/www.schwieger-architekten.de\/wp-content\/uploads\/0552\/02\/massregelvollzug-jva-goettingen-180x120.jpg 180w, https:\/\/www.schwieger-architekten.de\/wp-content\/uploads\/0552\/02\/massregelvollzug-jva-goettingen.jpg 900w\" sizes=\"(max-width: 400px) 100vw, 400px\" \/><\/a><div class='grid-content'><div class='avia-arrow'><\/div><header class=\"entry-content-header\" aria-label=\"Portfolio: New Construction, Maximum Security Area of a Forensic Psychiatric Hospital in G\u00f6ttingen and Heat Supply for the Juvenile Institution in Leineberg\"><h3 class='grid-entry-title entry-title '  itemprop=\"headline\" ><a href='https:\/\/www.schwieger-architekten.de\/en\/projekt\/maximum-security-area-goettingen\/' title='New Construction, Maximum Security Area of a Forensic Psychiatric Hospital in G\u00f6ttingen and Heat Supply for the Juvenile Institution in Leineberg'>New Construction, Maximum Security Area of a Forensic Psychiatric Hospital in G\u00f6ttingen and Heat Supply for the Juvenile Institution in Leineberg<\/a><\/h3><\/header><div class='grid-entry-excerpt entry-content'  itemprop=\"text\" >MRVZN Moringen\n1st prize in architectural competition<\/div><\/div><footer class=\"entry-footer\"><\/footer><\/article><\/div><div data-ajax-id='2539' class=' grid-entry flex_column isotope-item all_sort no_margin post-entry post-entry-2539 grid-entry-overview grid-loop-2 grid-parity-even  healthcare_sort  av_one_third  default_av_fullwidth '><article class='main_color inner-entry'  itemscope=\"itemscope\" itemtype=\"https:\/\/schema.org\/CreativeWork\" ><a href=\"https:\/\/www.schwieger-architekten.de\/en\/projekt\/clinic-for-child-psychiatry-eisenach\/\" title='Clinic for Child and Adolescent Psychiatry, Eisenach'  data-rel='grid-1' class='grid-image avia-hover-fx'> <img decoding=\"async\" fetchpriority=\"high\" width=\"400\" height=\"267\" src=\"https:\/\/www.schwieger-architekten.de\/wp-content\/uploads\/2022\/02\/tagesklinik-index-400x267.jpg\" class=\"wp-image-260 avia-img-lazy-loading-not-260 attachment-medium size-medium wp-post-image\" alt=\"\" srcset=\"https:\/\/www.schwieger-architekten.de\/wp-content\/uploads\/2022\/02\/tagesklinik-index-400x267.jpg 400w, https:\/\/www.schwieger-architekten.de\/wp-content\/uploads\/2022\/02\/tagesklinik-index-768x512.jpg 768w, https:\/\/www.schwieger-architekten.de\/wp-content\/uploads\/2022\/02\/tagesklinik-index-705x470.jpg 705w, https:\/\/www.schwieger-architekten.de\/wp-content\/uploads\/2022\/02\/tagesklinik-index.jpg 900w\" sizes=\"(max-width: 400px) 100vw, 400px\" \/><\/a><div class='grid-content'><div class='avia-arrow'><\/div><header class=\"entry-content-header\" aria-label=\"Portfolio: Clinic for Child and Adolescent Psychiatry, Eisenach\"><h3 class='grid-entry-title entry-title '  itemprop=\"headline\" ><a href='https:\/\/www.schwieger-architekten.de\/en\/projekt\/clinic-for-child-psychiatry-eisenach\/' title='Clinic for Child and Adolescent Psychiatry, Eisenach'>Clinic for Child and Adolescent Psychiatry, Eisenach<\/a><\/h3><\/header><div class='grid-entry-excerpt entry-content'  itemprop=\"text\" >ARGE Schwieger &amp; Ortmann\n\u00d6kumenisches Hainich Klinikum gGmbH<\/div><\/div><footer class=\"entry-footer\"><\/footer><\/article><\/div><div data-ajax-id='2585' class=' grid-entry flex_column isotope-item all_sort no_margin post-entry post-entry-2585 grid-entry-overview grid-loop-3 grid-parity-odd  healthcare_sort competitions_sort  av_one_third  default_av_fullwidth '><article class='main_color inner-entry'  itemscope=\"itemscope\" itemtype=\"https:\/\/schema.org\/CreativeWork\" ><a href=\"https:\/\/www.schwieger-architekten.de\/en\/projekt\/forensic-psychiatric-hospital-muehlhausen\/\" title='Forensic Psychiatric Hospital M\u00fchlhausen'  data-rel='grid-1' class='grid-image avia-hover-fx'> <img decoding=\"async\" fetchpriority=\"high\" width=\"400\" height=\"267\" src=\"https:\/\/www.schwieger-architekten.de\/wp-content\/uploads\/2003\/02\/massregelvollzug-muehlhausen-400x267.jpg\" class=\"wp-image-943 avia-img-lazy-loading-not-943 attachment-medium size-medium wp-post-image\" alt=\"1st prize in the competition and multiple commissioning for the new building of the Ma\u00dfregelvollzug in M\u00fchlhausen by Schwieger Architects G\u00f6ttingen.\" srcset=\"https:\/\/www.schwieger-architekten.de\/wp-content\/uploads\/2003\/02\/massregelvollzug-muehlhausen-400x267.jpg 400w, https:\/\/www.schwieger-architekten.de\/wp-content\/uploads\/2003\/02\/massregelvollzug-muehlhausen-768x512.jpg 768w, https:\/\/www.schwieger-architekten.de\/wp-content\/uploads\/2003\/02\/massregelvollzug-muehlhausen-120x80.jpg 120w, https:\/\/www.schwieger-architekten.de\/wp-content\/uploads\/2003\/02\/massregelvollzug-muehlhausen-705x470.jpg 705w, https:\/\/www.schwieger-architekten.de\/wp-content\/uploads\/2003\/02\/massregelvollzug-muehlhausen-225x150.jpg 225w, https:\/\/www.schwieger-architekten.de\/wp-content\/uploads\/2003\/02\/massregelvollzug-muehlhausen-180x120.jpg 180w, https:\/\/www.schwieger-architekten.de\/wp-content\/uploads\/2003\/02\/massregelvollzug-muehlhausen.jpg 900w\" sizes=\"(max-width: 400px) 100vw, 400px\" \/><\/a><div class='grid-content'><div class='avia-arrow'><\/div><header class=\"entry-content-header\" aria-label=\"Portfolio: Forensic Psychiatric Hospital M\u00fchlhausen\"><h3 class='grid-entry-title entry-title '  itemprop=\"headline\" ><a href='https:\/\/www.schwieger-architekten.de\/en\/projekt\/forensic-psychiatric-hospital-muehlhausen\/' title='Forensic Psychiatric Hospital M\u00fchlhausen'>Forensic Psychiatric Hospital M\u00fchlhausen<\/a><\/h3><\/header><div class='grid-entry-excerpt entry-content'  itemprop=\"text\" >\u00d6kumenisches Hainich Klinikum gGmbH\n1st prize multiple commissioning<\/div><\/div><footer class=\"entry-footer\"><\/footer><\/article><\/div><div data-ajax-id='2669' class=' grid-entry flex_column isotope-item all_sort no_margin post-entry post-entry-2669 grid-entry-overview grid-loop-4 grid-parity-even  healthcare_sort  av_one_third first default_av_fullwidth '><article class='main_color inner-entry'  itemscope=\"itemscope\" itemtype=\"https:\/\/schema.org\/CreativeWork\" ><a href=\"https:\/\/www.schwieger-architekten.de\/en\/projekt\/new-construction-sanatorium-bad-schmiedeberg\/\" title='New Construction, Sanatorium Bad Schmiedeberg'  data-rel='grid-1' class='grid-image avia-hover-fx'> <img decoding=\"async\" fetchpriority=\"high\" width=\"400\" height=\"267\" src=\"https:\/\/www.schwieger-architekten.de\/wp-content\/uploads\/2022\/02\/kurklinik-bad-schmiedeberg-400x267.jpg\" class=\"wp-image-338 avia-img-lazy-loading-not-338 attachment-medium size-medium wp-post-image\" alt=\"Neubau einer Kurklinik in Bad Schmiedeberg f\u00fcr die Eisenmoorbad Bad Schmiedeberg Kur-GmbH durch Schwieger Architekten in G\u00f6ttingen.\" srcset=\"https:\/\/www.schwieger-architekten.de\/wp-content\/uploads\/2022\/02\/kurklinik-bad-schmiedeberg-400x267.jpg 400w, https:\/\/www.schwieger-architekten.de\/wp-content\/uploads\/2022\/02\/kurklinik-bad-schmiedeberg-768x512.jpg 768w, https:\/\/www.schwieger-architekten.de\/wp-content\/uploads\/2022\/02\/kurklinik-bad-schmiedeberg-705x470.jpg 705w, https:\/\/www.schwieger-architekten.de\/wp-content\/uploads\/2022\/02\/kurklinik-bad-schmiedeberg.jpg 900w\" sizes=\"(max-width: 400px) 100vw, 400px\" \/><\/a><div class='grid-content'><div class='avia-arrow'><\/div><header class=\"entry-content-header\" aria-label=\"Portfolio: New Construction, Sanatorium Bad Schmiedeberg\"><h3 class='grid-entry-title entry-title '  itemprop=\"headline\" ><a href='https:\/\/www.schwieger-architekten.de\/en\/projekt\/new-construction-sanatorium-bad-schmiedeberg\/' title='New Construction, Sanatorium Bad Schmiedeberg'>New Construction, Sanatorium Bad Schmiedeberg<\/a><\/h3><\/header><div class='grid-entry-excerpt entry-content'  itemprop=\"text\" >Eisenmoorbad Bad Schmiedeberg Kur-GmbH<\/div><\/div><footer class=\"entry-footer\"><\/footer><\/article><\/div><div data-ajax-id='2670' class=' grid-entry flex_column isotope-item all_sort no_margin post-entry post-entry-2670 grid-entry-overview grid-loop-5 grid-parity-odd  post-entry-last  healthcare_sort  av_one_third  default_av_fullwidth '><article class='main_color inner-entry'  itemscope=\"itemscope\" itemtype=\"https:\/\/schema.org\/CreativeWork\" ><a href=\"https:\/\/www.schwieger-architekten.de\/en\/projekt\/psychiatric-hospital-goettingen\/\" title='Psychiatric Hospital of the University G\u00f6ttingen'  data-rel='grid-1' class='grid-image avia-hover-fx'> <img decoding=\"async\" fetchpriority=\"high\" width=\"400\" height=\"267\" src=\"https:\/\/www.schwieger-architekten.de\/wp-content\/uploads\/2022\/02\/psychiatrische-klinik-goettingen-400x267.jpg\" class=\"wp-image-341 avia-img-lazy-loading-not-341 attachment-medium size-medium wp-post-image\" alt=\"Um- und Erweiterungsbau im 2. Bauabschnitt f\u00fcr die Psychiatrische Klinik der Universit\u00e4t G\u00f6ttingen von Schwieger Architekten.\" srcset=\"https:\/\/www.schwieger-architekten.de\/wp-content\/uploads\/2022\/02\/psychiatrische-klinik-goettingen-400x267.jpg 400w, https:\/\/www.schwieger-architekten.de\/wp-content\/uploads\/2022\/02\/psychiatrische-klinik-goettingen-768x512.jpg 768w, https:\/\/www.schwieger-architekten.de\/wp-content\/uploads\/2022\/02\/psychiatrische-klinik-goettingen-705x470.jpg 705w, https:\/\/www.schwieger-architekten.de\/wp-content\/uploads\/2022\/02\/psychiatrische-klinik-goettingen.jpg 900w\" sizes=\"(max-width: 400px) 100vw, 400px\" \/><\/a><div class='grid-content'><div class='avia-arrow'><\/div><header class=\"entry-content-header\" aria-label=\"Portfolio: Psychiatric Hospital of the University G\u00f6ttingen\"><h3 class='grid-entry-title entry-title '  itemprop=\"headline\" ><a href='https:\/\/www.schwieger-architekten.de\/en\/projekt\/psychiatric-hospital-goettingen\/' title='Psychiatric Hospital of the University G\u00f6ttingen'>Psychiatric Hospital of the University G\u00f6ttingen<\/a><\/h3><\/header><div class='grid-entry-excerpt entry-content'  itemprop=\"text\" >Reconstruction and Extension, 2nd stage, government of Lower Saxony<\/div><\/div><footer class=\"entry-footer\"><\/footer><\/article><\/div><\/div><\/div>   <!--   class=\"av-portfolio-grid-sorting-container\"  --><\/div><\/p>\n","protected":false},"excerpt":{"rendered":"<p>Buildings for health by Schwieger Architekten from G\u00f6ttingen in Leineberg, M\u00fchlhausen, Eisenach and Schmiedeberg.<\/p>\n","protected":false},"author":1,"featured_media":338,"parent":2247,"menu_order":5,"comment_status":"closed","ping_status":"closed","template":"","meta":{"footnotes":""},"class_list":["post-2277","page","type-page","status-publish","has-post-thumbnail","hentry"],"yoast_head":"<!-- This site is optimized with the Yoast SEO plugin v27.0 - https:\/\/yoast.com\/product\/yoast-seo-wordpress\/ -->\n<title>Health | Schwieger Architects G\u00f6ttingen<\/title>\n<meta name=\"description\" content=\"Buildings for health by Schwieger Architekten from G\u00f6ttingen in Leineberg, M\u00fchlhausen, Eisenach and Schmiedeberg.\" \/>\n<meta name=\"robots\" content=\"index, follow, max-snippet:-1, max-image-preview:large, max-video-preview:-1\" \/>\n<link rel=\"canonical\" href=\"https:\/\/www.schwieger-architekten.de\/en\/projects\/healthcare\/\" \/>\n<meta property=\"og:locale\" content=\"en_US\" \/>\n<meta property=\"og:type\" content=\"article\" \/>\n<meta property=\"og:title\" content=\"Health | Schwieger Architects G\u00f6ttingen\" \/>\n<meta property=\"og:description\" content=\"Buildings for health by Schwieger Architekten from G\u00f6ttingen in Leineberg, M\u00fchlhausen, Eisenach and Schmiedeberg.\" \/>\n<meta property=\"og:url\" content=\"https:\/\/www.schwieger-architekten.de\/en\/projects\/healthcare\/\" \/>\n<meta property=\"og:site_name\" content=\"Schwieger Architekten\" \/>\n<meta property=\"article:modified_time\" content=\"2023-06-06T13:20:48+00:00\" \/>\n<meta property=\"og:image\" content=\"https:\/\/www.schwieger-architekten.de\/wp-content\/uploads\/2022\/02\/kurklinik-bad-schmiedeberg.jpg\" \/>\n\t<meta property=\"og:image:width\" content=\"900\" \/>\n\t<meta property=\"og:image:height\" content=\"600\" \/>\n\t<meta property=\"og:image:type\" content=\"image\/jpeg\" \/>\n<meta name=\"twitter:card\" content=\"summary_large_image\" \/>\n<meta name=\"twitter:label1\" content=\"Est. reading time\" \/>\n\t<meta name=\"twitter:data1\" content=\"3 minutes\" \/>\n<script type=\"application\/ld+json\" class=\"yoast-schema-graph\">{\"@context\":\"https:\/\/schema.org\",\"@graph\":[{\"@type\":\"WebPage\",\"@id\":\"https:\/\/www.schwieger-architekten.de\/en\/projects\/healthcare\/\",\"url\":\"https:\/\/www.schwieger-architekten.de\/en\/projects\/healthcare\/\",\"name\":\"Health | Schwieger Architects G\u00f6ttingen\",\"isPartOf\":{\"@id\":\"https:\/\/www.schwieger-architekten.de\/en\/#website\"},\"primaryImageOfPage\":{\"@id\":\"https:\/\/www.schwieger-architekten.de\/en\/projects\/healthcare\/#primaryimage\"},\"image\":{\"@id\":\"https:\/\/www.schwieger-architekten.de\/en\/projects\/healthcare\/#primaryimage\"},\"thumbnailUrl\":\"https:\/\/www.schwieger-architekten.de\/wp-content\/uploads\/2022\/02\/kurklinik-bad-schmiedeberg.jpg\",\"datePublished\":\"2022-03-25T19:36:05+00:00\",\"dateModified\":\"2023-06-06T13:20:48+00:00\",\"description\":\"Buildings for health by Schwieger Architekten from G\u00f6ttingen in Leineberg, M\u00fchlhausen, Eisenach and Schmiedeberg.\",\"breadcrumb\":{\"@id\":\"https:\/\/www.schwieger-architekten.de\/en\/projects\/healthcare\/#breadcrumb\"},\"inLanguage\":\"en-US\",\"potentialAction\":[{\"@type\":\"ReadAction\",\"target\":[\"https:\/\/www.schwieger-architekten.de\/en\/projects\/healthcare\/\"]}]},{\"@type\":\"ImageObject\",\"inLanguage\":\"en-US\",\"@id\":\"https:\/\/www.schwieger-architekten.de\/en\/projects\/healthcare\/#primaryimage\",\"url\":\"https:\/\/www.schwieger-architekten.de\/wp-content\/uploads\/2022\/02\/kurklinik-bad-schmiedeberg.jpg\",\"contentUrl\":\"https:\/\/www.schwieger-architekten.de\/wp-content\/uploads\/2022\/02\/kurklinik-bad-schmiedeberg.jpg\",\"width\":900,\"height\":600,\"caption\":\"Neubau einer Kurklinik in Bad Schmiedeberg f\u00fcr die Eisenmoorbad Bad Schmiedeberg Kur-GmbH durch Schwieger Architekten in G\u00f6ttingen.\"},{\"@type\":\"BreadcrumbList\",\"@id\":\"https:\/\/www.schwieger-architekten.de\/en\/projects\/healthcare\/#breadcrumb\",\"itemListElement\":[{\"@type\":\"ListItem\",\"position\":1,\"name\":\"Startseite\",\"item\":\"https:\/\/www.schwieger-architekten.de\/en\/philosophie\/\"},{\"@type\":\"ListItem\",\"position\":2,\"name\":\"Projects\",\"item\":\"https:\/\/www.schwieger-architekten.de\/en\/projects\/\"},{\"@type\":\"ListItem\",\"position\":3,\"name\":\"Healthcare\"}]},{\"@type\":\"WebSite\",\"@id\":\"https:\/\/www.schwieger-architekten.de\/en\/#website\",\"url\":\"https:\/\/www.schwieger-architekten.de\/en\/\",\"name\":\"Schwieger Architekten\",\"description\":\"Schwieger Architekten G\u00f6ttingen\",\"potentialAction\":[{\"@type\":\"SearchAction\",\"target\":{\"@type\":\"EntryPoint\",\"urlTemplate\":\"https:\/\/www.schwieger-architekten.de\/en\/?s={search_term_string}\"},\"query-input\":{\"@type\":\"PropertyValueSpecification\",\"valueRequired\":true,\"valueName\":\"search_term_string\"}}],\"inLanguage\":\"en-US\"}]}<\/script>\n<!-- \/ Yoast SEO plugin. -->","yoast_head_json":{"title":"Health | Schwieger Architects G\u00f6ttingen","description":"Buildings for health by Schwieger Architekten from G\u00f6ttingen in Leineberg, M\u00fchlhausen, Eisenach and Schmiedeberg.","robots":{"index":"index","follow":"follow","max-snippet":"max-snippet:-1","max-image-preview":"max-image-preview:large","max-video-preview":"max-video-preview:-1"},"canonical":"https:\/\/www.schwieger-architekten.de\/en\/projects\/healthcare\/","og_locale":"en_US","og_type":"article","og_title":"Health | Schwieger Architects G\u00f6ttingen","og_description":"Buildings for health by Schwieger Architekten from G\u00f6ttingen in Leineberg, M\u00fchlhausen, Eisenach and Schmiedeberg.","og_url":"https:\/\/www.schwieger-architekten.de\/en\/projects\/healthcare\/","og_site_name":"Schwieger Architekten","article_modified_time":"2023-06-06T13:20:48+00:00","og_image":[{"width":900,"height":600,"url":"https:\/\/www.schwieger-architekten.de\/wp-content\/uploads\/2022\/02\/kurklinik-bad-schmiedeberg.jpg","type":"image\/jpeg"}],"twitter_card":"summary_large_image","twitter_misc":{"Est. reading time":"3 minutes"},"schema":{"@context":"https:\/\/schema.org","@graph":[{"@type":"WebPage","@id":"https:\/\/www.schwieger-architekten.de\/en\/projects\/healthcare\/","url":"https:\/\/www.schwieger-architekten.de\/en\/projects\/healthcare\/","name":"Health | Schwieger Architects G\u00f6ttingen","isPartOf":{"@id":"https:\/\/www.schwieger-architekten.de\/en\/#website"},"primaryImageOfPage":{"@id":"https:\/\/www.schwieger-architekten.de\/en\/projects\/healthcare\/#primaryimage"},"image":{"@id":"https:\/\/www.schwieger-architekten.de\/en\/projects\/healthcare\/#primaryimage"},"thumbnailUrl":"https:\/\/www.schwieger-architekten.de\/wp-content\/uploads\/2022\/02\/kurklinik-bad-schmiedeberg.jpg","datePublished":"2022-03-25T19:36:05+00:00","dateModified":"2023-06-06T13:20:48+00:00","description":"Buildings for health by Schwieger Architekten from G\u00f6ttingen in Leineberg, M\u00fchlhausen, Eisenach and Schmiedeberg.","breadcrumb":{"@id":"https:\/\/www.schwieger-architekten.de\/en\/projects\/healthcare\/#breadcrumb"},"inLanguage":"en-US","potentialAction":[{"@type":"ReadAction","target":["https:\/\/www.schwieger-architekten.de\/en\/projects\/healthcare\/"]}]},{"@type":"ImageObject","inLanguage":"en-US","@id":"https:\/\/www.schwieger-architekten.de\/en\/projects\/healthcare\/#primaryimage","url":"https:\/\/www.schwieger-architekten.de\/wp-content\/uploads\/2022\/02\/kurklinik-bad-schmiedeberg.jpg","contentUrl":"https:\/\/www.schwieger-architekten.de\/wp-content\/uploads\/2022\/02\/kurklinik-bad-schmiedeberg.jpg","width":900,"height":600,"caption":"Neubau einer Kurklinik in Bad Schmiedeberg f\u00fcr die Eisenmoorbad Bad Schmiedeberg Kur-GmbH durch Schwieger Architekten in G\u00f6ttingen."},{"@type":"BreadcrumbList","@id":"https:\/\/www.schwieger-architekten.de\/en\/projects\/healthcare\/#breadcrumb","itemListElement":[{"@type":"ListItem","position":1,"name":"Startseite","item":"https:\/\/www.schwieger-architekten.de\/en\/philosophie\/"},{"@type":"ListItem","position":2,"name":"Projects","item":"https:\/\/www.schwieger-architekten.de\/en\/projects\/"},{"@type":"ListItem","position":3,"name":"Healthcare"}]},{"@type":"WebSite","@id":"https:\/\/www.schwieger-architekten.de\/en\/#website","url":"https:\/\/www.schwieger-architekten.de\/en\/","name":"Schwieger Architekten","description":"Schwieger Architekten G\u00f6ttingen","potentialAction":[{"@type":"SearchAction","target":{"@type":"EntryPoint","urlTemplate":"https:\/\/www.schwieger-architekten.de\/en\/?s={search_term_string}"},"query-input":{"@type":"PropertyValueSpecification","valueRequired":true,"valueName":"search_term_string"}}],"inLanguage":"en-US"}]}},"_links":{"self":[{"href":"https:\/\/www.schwieger-architekten.de\/en\/wp-json\/wp\/v2\/pages\/2277","targetHints":{"allow":["GET"]}}],"collection":[{"href":"https:\/\/www.schwieger-architekten.de\/en\/wp-json\/wp\/v2\/pages"}],"about":[{"href":"https:\/\/www.schwieger-architekten.de\/en\/wp-json\/wp\/v2\/types\/page"}],"author":[{"embeddable":true,"href":"https:\/\/www.schwieger-architekten.de\/en\/wp-json\/wp\/v2\/users\/1"}],"replies":[{"embeddable":true,"href":"https:\/\/www.schwieger-architekten.de\/en\/wp-json\/wp\/v2\/comments?post=2277"}],"version-history":[{"count":11,"href":"https:\/\/www.schwieger-architekten.de\/en\/wp-json\/wp\/v2\/pages\/2277\/revisions"}],"predecessor-version":[{"id":3575,"href":"https:\/\/www.schwieger-architekten.de\/en\/wp-json\/wp\/v2\/pages\/2277\/revisions\/3575"}],"up":[{"embeddable":true,"href":"https:\/\/www.schwieger-architekten.de\/en\/wp-json\/wp\/v2\/pages\/2247"}],"wp:featuredmedia":[{"embeddable":true,"href":"https:\/\/www.schwieger-architekten.de\/en\/wp-json\/wp\/v2\/media\/338"}],"wp:attachment":[{"href":"https:\/\/www.schwieger-architekten.de\/en\/wp-json\/wp\/v2\/media?parent=2277"}],"curies":[{"name":"wp","href":"https:\/\/api.w.org\/{rel}","templated":true}]}}